{"id":3648,"date":"2020-03-26T17:06:07","date_gmt":"2020-03-26T16:06:07","guid":{"rendered":"https:\/\/www.notariadeblaslluna.es\/?page_id=3648"},"modified":"2025-09-08T21:26:00","modified_gmt":"2025-09-08T19:26:00","slug":"aviso-legal","status":"publish","type":"page","link":"https:\/\/www.notariadeblaslluna.es\/en\/aviso-legal\/","title":{"rendered":"Legal notice"},"content":{"rendered":"<h4>Information in accordance with article 10 of the LSSI<\/h4>\n<h3>The owner of this website is:<\/h3>\n<p>Identity: <strong>De Blas y Lluna Notarios asociados, Sociedad Civil Privada<\/strong>.<br \/>\nNIF: <strong>J56744873<\/strong><br \/>\nAddress: <strong>Passeig de Gr\u00e0cia, 39 Principal | 08007 Barcelona.<br \/>\n<\/strong>Phone: <strong>93 215 37 83<br \/>\n<\/strong>Coreo electr\u00f3nico<strong>:<\/strong> <a href=\"mailto:notaria@notariadeblaslluna.com\"><strong>notaria@notariadeblaslluna.com<\/strong><\/a><\/p>\n<h3>Terms of use<\/h3>\n<p style=\"text-align: justify;\">Use of this website implies full acceptance of the terms and conditions of this legal notice. Any disputes relating to this website shall be governed exclusively by the law of the Spanish State. All users of this website, regardless of the territorial jurisdiction from which they access it, agree to comply with and abide by these clauses, expressly waiving any other jurisdiction that may apply.<\/p>\n<h3>Intellectual and industrial property<\/h3>\n<p style=\"text-align: justify;\">All content on this website, including text, images, sounds, trademarks, logos, or other elements, as well as the substructure, design, color combinations, or presentation of the materials, is protected by industrial and intellectual property rights, which the user of this website must respect. Its transformation or alteration, public communication, or any other form of exploitation by any means whatsoever is prohibited without the express authorization of <strong>De Blas y Lluna Notarios asociados, Sociedad Civil Privada<\/strong>.<\/p>\n<h3>Responsibility for content<\/h3>\n<p style=\"text-align: justify;\" class=\"translation-block\">Although <strong>De Blas y Lluna Notarios asociados, Sociedad Civil Privada<\/strong> acts with the maximum possible diligence, it may be the case that some data or information is not completely updated at the time the user of the website consults it. For this reason, the information presented on this website has a guiding function and does not bind <strong>De Blas y Lluna Notarios asociados, Sociedad Civil Privada<\/strong>.<\/p>\n<p style=\"text-align: justify;\" class=\"translation-block\"><strong>De Blas y Lluna Notarios asociados, Sociedad Civil Privada<\/strong> will not be responsible for the information that can be obtained through links included on its website.<\/p>\n<p style=\"text-align: justify;\"><strong>De Blas y Lluna Notarios asociados, Sociedad Civil Privada<\/strong>\u00a0reserves the right to carry out, at any time and without prior notice, modifications or updates to the information and any of the elements that make up the design and configuration of the website.<\/p>\n<h3>Applicable law and jurisdiction<\/h3>\n<p style=\"text-align: justify;\">Use of this website implies full acceptance of the terms and conditions of this legal notice. Any disputes relating to this website shall be governed exclusively by the law of the Spanish State. All users of this website, regardless of the territorial jurisdiction from which they access it, agree to comply with and abide by these clauses, expressly waiving any other jurisdiction that may apply.<\/p>","protected":false},"excerpt":{"rendered":"<p>Informaci\u00f3n de conformidad con el art\u00edculo 10 de la LSSI El titular de esta web es: Identidad: De Blas y Lluna Notarios asociados, Sociedad Civil Privada. NIF: J56744873 Direcci\u00f3n: Passeig de Gr\u00e0cia, 39 Principal | 08007 Barcelona. Tel\u00e9fono: 93 215 37 83 Coreo electr\u00f3nico: notaria@notariadeblaslluna.com Condiciones de uso El uso de esta web implica la<br \/><a class=\"moretag\" href=\"https:\/\/www.notariadeblaslluna.es\/en\/aviso-legal\/\">+ Read More<\/a><\/p>","protected":false},"author":1,"featured_media":4273,"parent":0,"menu_order":0,"comment_status":"closed","ping_status":"closed","template":"templates\/page-fullwidth_template.php","meta":{"footnotes":""},"class_list":["post-3648","page","type-page","status-publish","has-post-thumbnail","hentry"],"yoast_head":"<!-- This site is optimized with the Yoast SEO Premium plugin v27.2 (Yoast SEO v27.4) - https:\/\/yoast.com\/product\/yoast-seo-premium-wordpress\/ -->\n<title>Aviso legal - Notar\u00eda de Blas &amp; Lluna<\/title>\n<meta name=\"description\" content=\"El uso de esta web implica la aceptaci\u00f3n del aviso legal. Los conflictos se regir\u00e1n exclusivamente por el derecho del Estado espa\u00f1ol.\" \/>\n<meta name=\"robots\" content=\"index, follow, max-snippet:-1, max-image-preview:large, max-video-preview:-1\" \/>\n<link rel=\"canonical\" href=\"https:\/\/www.notariadeblaslluna.es\/en\/aviso-legal\/\" \/>\n<meta property=\"og:locale\" content=\"en_GB\" \/>\n<meta property=\"og:type\" content=\"article\" \/>\n<meta property=\"og:title\" content=\"Aviso legal\" \/>\n<meta property=\"og:description\" content=\"El uso de esta web implica la aceptaci\u00f3n del aviso legal. Los conflictos se regir\u00e1n exclusivamente por el derecho del Estado espa\u00f1ol.\" \/>\n<meta property=\"og:url\" content=\"https:\/\/www.notariadeblaslluna.es\/en\/aviso-legal\/\" \/>\n<meta property=\"og:site_name\" content=\"Notar\u00eda de Blas &amp; Lluna\" \/>\n<meta property=\"article:publisher\" content=\"https:\/\/www.facebook.com\/notariadeblas\/\" \/>\n<meta property=\"article:modified_time\" content=\"2025-09-08T19:26:00+00:00\" \/>\n<meta property=\"og:image\" content=\"https:\/\/www.notariadeblaslluna.es\/wp-content\/uploads\/2021\/05\/Notaria-De-Blas-Aviso-Legal-y-Politica-de-Privacidad.jpg\" \/>\n\t<meta property=\"og:image:width\" content=\"1400\" \/>\n\t<meta property=\"og:image:height\" content=\"320\" \/>\n\t<meta property=\"og:image:type\" content=\"image\/jpeg\" \/>\n<meta name=\"twitter:card\" content=\"summary_large_image\" \/>\n<meta name=\"twitter:label1\" content=\"Estimated reading time\" \/>\n\t<meta name=\"twitter:data1\" content=\"3 minutes\" \/>\n<script type=\"application\/ld+json\" class=\"yoast-schema-graph\">{\"@context\":\"https:\\\/\\\/schema.org\",\"@graph\":[{\"@type\":\"WebPage\",\"@id\":\"https:\\\/\\\/www.notariadeblaslluna.es\\\/aviso-legal\\\/\",\"url\":\"https:\\\/\\\/www.notariadeblaslluna.es\\\/aviso-legal\\\/\",\"name\":\"Aviso legal - Notar\u00eda de Blas &amp; Lluna\",\"isPartOf\":{\"@id\":\"https:\\\/\\\/www.notariadeblaslluna.es\\\/#website\"},\"primaryImageOfPage\":{\"@id\":\"https:\\\/\\\/www.notariadeblaslluna.es\\\/aviso-legal\\\/#primaryimage\"},\"image\":{\"@id\":\"https:\\\/\\\/www.notariadeblaslluna.es\\\/aviso-legal\\\/#primaryimage\"},\"thumbnailUrl\":\"https:\\\/\\\/www.notariadeblaslluna.es\\\/wp-content\\\/uploads\\\/2021\\\/05\\\/Notaria-De-Blas-Aviso-Legal-y-Politica-de-Privacidad.jpg\",\"datePublished\":\"2020-03-26T16:06:07+00:00\",\"dateModified\":\"2025-09-08T19:26:00+00:00\",\"description\":\"El uso de esta web implica la aceptaci\u00f3n del aviso legal. Los conflictos se regir\u00e1n exclusivamente por el derecho del Estado espa\u00f1ol.\",\"breadcrumb\":{\"@id\":\"https:\\\/\\\/www.notariadeblaslluna.es\\\/aviso-legal\\\/#breadcrumb\"},\"inLanguage\":\"en-GB\",\"potentialAction\":[{\"@type\":\"ReadAction\",\"target\":[\"https:\\\/\\\/www.notariadeblaslluna.es\\\/aviso-legal\\\/\"]}]},{\"@type\":\"ImageObject\",\"inLanguage\":\"en-GB\",\"@id\":\"https:\\\/\\\/www.notariadeblaslluna.es\\\/aviso-legal\\\/#primaryimage\",\"url\":\"https:\\\/\\\/www.notariadeblaslluna.es\\\/wp-content\\\/uploads\\\/2021\\\/05\\\/Notaria-De-Blas-Aviso-Legal-y-Politica-de-Privacidad.jpg\",\"contentUrl\":\"https:\\\/\\\/www.notariadeblaslluna.es\\\/wp-content\\\/uploads\\\/2021\\\/05\\\/Notaria-De-Blas-Aviso-Legal-y-Politica-de-Privacidad.jpg\",\"width\":1400,\"height\":320,\"caption\":\"Notar\u00eda De Blas - Aviso Legal y Pol\u00edtica de Privacidad\"},{\"@type\":\"BreadcrumbList\",\"@id\":\"https:\\\/\\\/www.notariadeblaslluna.es\\\/aviso-legal\\\/#breadcrumb\",\"itemListElement\":[{\"@type\":\"ListItem\",\"position\":1,\"name\":\"Home\",\"item\":\"https:\\\/\\\/www.notariadeblaslluna.es\\\/\"},{\"@type\":\"ListItem\",\"position\":2,\"name\":\"Aviso legal\"}]},{\"@type\":\"WebSite\",\"@id\":\"https:\\\/\\\/www.notariadeblaslluna.es\\\/#website\",\"url\":\"https:\\\/\\\/www.notariadeblaslluna.es\\\/\",\"name\":\"Notaria de Blas & Lluna\",\"description\":\"Notar\u00eda de Blas &amp; Lluna. Passeig de Gr\u00e0cia, 39 | Barcelona\",\"publisher\":{\"@id\":\"https:\\\/\\\/www.notariadeblaslluna.es\\\/#organization\"},\"potentialAction\":[{\"@type\":\"SearchAction\",\"target\":{\"@type\":\"EntryPoint\",\"urlTemplate\":\"https:\\\/\\\/www.notariadeblaslluna.es\\\/?s={search_term_string}\"},\"query-input\":{\"@type\":\"PropertyValueSpecification\",\"valueRequired\":true,\"valueName\":\"search_term_string\"}}],\"inLanguage\":\"en-GB\"},{\"@type\":\"Organization\",\"@id\":\"https:\\\/\\\/www.notariadeblaslluna.es\\\/#organization\",\"name\":\"Notar\u00eda De Blas & Lluna\",\"url\":\"https:\\\/\\\/www.notariadeblaslluna.es\\\/\",\"logo\":{\"@type\":\"ImageObject\",\"inLanguage\":\"en-GB\",\"@id\":\"https:\\\/\\\/www.notariadeblaslluna.es\\\/#\\\/schema\\\/logo\\\/image\\\/\",\"url\":\"https:\\\/\\\/www.notariadeblaslluna.es\\\/wp-content\\\/uploads\\\/2024\\\/03\\\/Notaria-De-Blas-Lluna-Logo.png\",\"contentUrl\":\"https:\\\/\\\/www.notariadeblaslluna.es\\\/wp-content\\\/uploads\\\/2024\\\/03\\\/Notaria-De-Blas-Lluna-Logo.png\",\"width\":300,\"height\":70,\"caption\":\"Notar\u00eda De Blas & Lluna\"},\"image\":{\"@id\":\"https:\\\/\\\/www.notariadeblaslluna.es\\\/#\\\/schema\\\/logo\\\/image\\\/\"},\"sameAs\":[\"https:\\\/\\\/www.facebook.com\\\/notariadeblas\\\/\",\"https:\\\/\\\/www.linkedin.com\\\/company\\\/79662096\\\/admin\\\/\"]}]}<\/script>\n<!-- \/ Yoast SEO Premium plugin. -->","yoast_head_json":{"title":"Aviso legal - Notar\u00eda de Blas &amp; Lluna","description":"Use of this website implies acceptance of the legal notice. Disputes will be governed exclusively by the law of the Spanish State.","robots":{"index":"index","follow":"follow","max-snippet":"max-snippet:-1","max-image-preview":"max-image-preview:large","max-video-preview":"max-video-preview:-1"},"canonical":"https:\/\/www.notariadeblaslluna.es\/en\/aviso-legal\/","og_locale":"en_GB","og_type":"article","og_title":"Aviso legal","og_description":"El uso de esta web implica la aceptaci\u00f3n del aviso legal. Los conflictos se regir\u00e1n exclusivamente por el derecho del Estado espa\u00f1ol.","og_url":"https:\/\/www.notariadeblaslluna.es\/en\/aviso-legal\/","og_site_name":"Notar\u00eda de Blas &amp; Lluna","article_publisher":"https:\/\/www.facebook.com\/notariadeblas\/","article_modified_time":"2025-09-08T19:26:00+00:00","og_image":[{"width":1400,"height":320,"url":"https:\/\/www.notariadeblaslluna.es\/wp-content\/uploads\/2021\/05\/Notaria-De-Blas-Aviso-Legal-y-Politica-de-Privacidad.jpg","type":"image\/jpeg"}],"twitter_card":"summary_large_image","twitter_misc":{"Estimated reading time":"3 minutes"},"schema":{"@context":"https:\/\/schema.org","@graph":[{"@type":"WebPage","@id":"https:\/\/www.notariadeblaslluna.es\/aviso-legal\/","url":"https:\/\/www.notariadeblaslluna.es\/aviso-legal\/","name":"Aviso legal - Notar\u00eda de Blas &amp; Lluna","isPartOf":{"@id":"https:\/\/www.notariadeblaslluna.es\/#website"},"primaryImageOfPage":{"@id":"https:\/\/www.notariadeblaslluna.es\/aviso-legal\/#primaryimage"},"image":{"@id":"https:\/\/www.notariadeblaslluna.es\/aviso-legal\/#primaryimage"},"thumbnailUrl":"https:\/\/www.notariadeblaslluna.es\/wp-content\/uploads\/2021\/05\/Notaria-De-Blas-Aviso-Legal-y-Politica-de-Privacidad.jpg","datePublished":"2020-03-26T16:06:07+00:00","dateModified":"2025-09-08T19:26:00+00:00","description":"Use of this website implies acceptance of the legal notice. Disputes will be governed exclusively by the law of the Spanish State.","breadcrumb":{"@id":"https:\/\/www.notariadeblaslluna.es\/aviso-legal\/#breadcrumb"},"inLanguage":"en-GB","potentialAction":[{"@type":"ReadAction","target":["https:\/\/www.notariadeblaslluna.es\/aviso-legal\/"]}]},{"@type":"ImageObject","inLanguage":"en-GB","@id":"https:\/\/www.notariadeblaslluna.es\/aviso-legal\/#primaryimage","url":"https:\/\/www.notariadeblaslluna.es\/wp-content\/uploads\/2021\/05\/Notaria-De-Blas-Aviso-Legal-y-Politica-de-Privacidad.jpg","contentUrl":"https:\/\/www.notariadeblaslluna.es\/wp-content\/uploads\/2021\/05\/Notaria-De-Blas-Aviso-Legal-y-Politica-de-Privacidad.jpg","width":1400,"height":320,"caption":"Notar\u00eda De Blas - Aviso Legal y Pol\u00edtica de Privacidad"},{"@type":"BreadcrumbList","@id":"https:\/\/www.notariadeblaslluna.es\/aviso-legal\/#breadcrumb","itemListElement":[{"@type":"ListItem","position":1,"name":"Home","item":"https:\/\/www.notariadeblaslluna.es\/"},{"@type":"ListItem","position":2,"name":"Aviso legal"}]},{"@type":"WebSite","@id":"https:\/\/www.notariadeblaslluna.es\/#website","url":"https:\/\/www.notariadeblaslluna.es\/","name":"Notaria de Blas & Lluna","description":"Notar\u00eda de Blas &amp; Lluna. Passeig de Gr\u00e0cia, 39 | Barcelona","publisher":{"@id":"https:\/\/www.notariadeblaslluna.es\/#organization"},"potentialAction":[{"@type":"SearchAction","target":{"@type":"EntryPoint","urlTemplate":"https:\/\/www.notariadeblaslluna.es\/?s={search_term_string}"},"query-input":{"@type":"PropertyValueSpecification","valueRequired":true,"valueName":"search_term_string"}}],"inLanguage":"en-GB"},{"@type":"Organization","@id":"https:\/\/www.notariadeblaslluna.es\/#organization","name":"Notaria De Blas &amp; Lluna","url":"https:\/\/www.notariadeblaslluna.es\/","logo":{"@type":"ImageObject","inLanguage":"en-GB","@id":"https:\/\/www.notariadeblaslluna.es\/#\/schema\/logo\/image\/","url":"https:\/\/www.notariadeblaslluna.es\/wp-content\/uploads\/2024\/03\/Notaria-De-Blas-Lluna-Logo.png","contentUrl":"https:\/\/www.notariadeblaslluna.es\/wp-content\/uploads\/2024\/03\/Notaria-De-Blas-Lluna-Logo.png","width":300,"height":70,"caption":"Notar\u00eda De Blas & Lluna"},"image":{"@id":"https:\/\/www.notariadeblaslluna.es\/#\/schema\/logo\/image\/"},"sameAs":["https:\/\/www.facebook.com\/notariadeblas\/","https:\/\/www.linkedin.com\/company\/79662096\/admin\/"]}]}},"_links":{"self":[{"href":"https:\/\/www.notariadeblaslluna.es\/en\/wp-json\/wp\/v2\/pages\/3648","targetHints":{"allow":["GET"]}}],"collection":[{"href":"https:\/\/www.notariadeblaslluna.es\/en\/wp-json\/wp\/v2\/pages"}],"about":[{"href":"https:\/\/www.notariadeblaslluna.es\/en\/wp-json\/wp\/v2\/types\/page"}],"author":[{"embeddable":true,"href":"https:\/\/www.notariadeblaslluna.es\/en\/wp-json\/wp\/v2\/users\/1"}],"replies":[{"embeddable":true,"href":"https:\/\/www.notariadeblaslluna.es\/en\/wp-json\/wp\/v2\/comments?post=3648"}],"version-history":[{"count":0,"href":"https:\/\/www.notariadeblaslluna.es\/en\/wp-json\/wp\/v2\/pages\/3648\/revisions"}],"wp:featuredmedia":[{"embeddable":true,"href":"https:\/\/www.notariadeblaslluna.es\/en\/wp-json\/wp\/v2\/media\/4273"}],"wp:attachment":[{"href":"https:\/\/www.notariadeblaslluna.es\/en\/wp-json\/wp\/v2\/media?parent=3648"}],"curies":[{"name":"wp","href":"https:\/\/api.w.org\/{rel}","templated":true}]}}