{"id":2870,"date":"2016-07-14T08:12:51","date_gmt":"2016-07-14T06:12:51","guid":{"rendered":"http:\/\/notariadeblas.com\/?page_id=2870"},"modified":"2025-09-11T09:01:05","modified_gmt":"2025-09-11T07:01:05","slug":"actas-notariales","status":"publish","type":"page","link":"https:\/\/www.notariadeblaslluna.es\/en\/actas-notariales\/","title":{"rendered":"Proceedings"},"content":{"rendered":"<p style=\"text-align: justify;\" class=\"translation-block\">The <strong>proceedings<\/strong> are documents that are intended to authenticate, testify, verify, and establish facts or factual situations. In this case, the Notary is really important because it records and attests to what happened during a session, a raffle, a congress, assembly, meeting of partners of a company, community of neighbors or any other type of meeting, in order to reflect the decisions agreed on the agenda or the negotiations carried out in each of them.<\/p>\n<p style=\"text-align: justify;\" class=\"translation-block\">We carry out different types of proceedings, such as:<\/p>\n<ul style=\"text-align: justify;\">\n<li>Notary auctions.<\/li>\n<li>Raffle minutes.<\/li>\n<li>Exhibition minutes.<\/li>\n<li>Minutes of notification and requirement.<\/li>\n<li>Acts of notoriety.<\/li>\n<li>Minutes of presence.<\/li>\n<\/ul>\n<p style=\"text-align: justify;\">Consult us and we will inform you of the legal effects regarding the content of each of the minutes to find the one that best suits your needs.<\/p>\n<p style=\"text-align: justify;\">The testimonies are the transcription or faithful reproduction, total or partial, of an original document. It is an authorized certification against any authority or administration, where the notary attests to his correspondence with the original.<\/p>\n<p style=\"text-align: justify;\">The legitimations, especially the legitimations of signatures, are notarial testimonies through which a Notary certifies the identity, information of the signer and the date of signature of a document, without assuming responsibility or attesting to the content of the document.<\/p>\n<p class=\"translation-block\">If you need more information about the proceedings, <a href=\"https:\/\/www.notariadeblaslluna.es\/en\/contacto\/\" target=\"_self\"><strong>contact us<\/strong><\/a>.<\/p>","protected":false},"excerpt":{"rendered":"<p>Las actas son documentos que tienen por objeto autentificar, testimoniar, comprobar y fijar hechos o situaciones f\u00e1cticas. En este caso, el Notario es de vital importancia porque hace constar y da fe de lo acontecido durante una sesi\u00f3n, un sorteo, un congreso, asamblea, junta de socios de una compa\u00f1\u00eda, comunidad de vecinos o cualquier otro<br \/><a class=\"moretag\" href=\"https:\/\/www.notariadeblaslluna.es\/en\/actas-notariales\/\">+ Read More<\/a><\/p>","protected":false},"author":1,"featured_media":4239,"parent":0,"menu_order":0,"comment_status":"closed","ping_status":"closed","template":"templates\/page-fullwidth_template.php","meta":{"footnotes":""},"class_list":["post-2870","page","type-page","status-publish","has-post-thumbnail","hentry"],"yoast_head":"<!-- This site is optimized with the Yoast SEO Premium plugin v27.2 (Yoast SEO v27.4) - https:\/\/yoast.com\/product\/yoast-seo-premium-wordpress\/ -->\n<title>Actas - Notar\u00eda de Blas &amp; Lluna<\/title>\n<meta name=\"description\" content=\"En Notar\u00eda de Blas &amp; Lluna realizamos diversos tipos de actas. Cons\u00faltenos y le informaremos con todo detalle.\" \/>\n<meta name=\"robots\" content=\"index, follow, max-snippet:-1, max-image-preview:large, max-video-preview:-1\" \/>\n<link rel=\"canonical\" href=\"https:\/\/www.notariadeblaslluna.es\/en\/actas-notariales\/\" \/>\n<meta property=\"og:locale\" content=\"en_GB\" \/>\n<meta property=\"og:type\" content=\"article\" \/>\n<meta property=\"og:title\" content=\"Actas\" \/>\n<meta property=\"og:description\" content=\"En Notar\u00eda de Blas &amp; Lluna realizamos diversos tipos de actas. Cons\u00faltenos y le informaremos con todo detalle.\" \/>\n<meta property=\"og:url\" content=\"https:\/\/www.notariadeblaslluna.es\/en\/actas-notariales\/\" \/>\n<meta property=\"og:site_name\" content=\"Notar\u00eda de Blas &amp; Lluna\" \/>\n<meta property=\"article:publisher\" content=\"https:\/\/www.facebook.com\/notariadeblas\/\" \/>\n<meta property=\"article:modified_time\" content=\"2025-09-11T07:01:05+00:00\" \/>\n<meta property=\"og:image\" content=\"https:\/\/www.notariadeblaslluna.es\/wp-content\/uploads\/2021\/05\/Notaria-De-Blas-Actas.jpg\" \/>\n\t<meta property=\"og:image:width\" content=\"1400\" \/>\n\t<meta property=\"og:image:height\" content=\"320\" \/>\n\t<meta property=\"og:image:type\" content=\"image\/jpeg\" \/>\n<meta name=\"twitter:card\" content=\"summary_large_image\" \/>\n<meta name=\"twitter:label1\" content=\"Estimated reading time\" \/>\n\t<meta name=\"twitter:data1\" content=\"2 minutes\" \/>\n<script type=\"application\/ld+json\" class=\"yoast-schema-graph\">{\"@context\":\"https:\\\/\\\/schema.org\",\"@graph\":[{\"@type\":\"WebPage\",\"@id\":\"https:\\\/\\\/www.notariadeblaslluna.es\\\/actas-notariales\\\/\",\"url\":\"https:\\\/\\\/www.notariadeblaslluna.es\\\/actas-notariales\\\/\",\"name\":\"Actas - Notar\u00eda de Blas &amp; Lluna\",\"isPartOf\":{\"@id\":\"https:\\\/\\\/www.notariadeblaslluna.es\\\/#website\"},\"primaryImageOfPage\":{\"@id\":\"https:\\\/\\\/www.notariadeblaslluna.es\\\/actas-notariales\\\/#primaryimage\"},\"image\":{\"@id\":\"https:\\\/\\\/www.notariadeblaslluna.es\\\/actas-notariales\\\/#primaryimage\"},\"thumbnailUrl\":\"https:\\\/\\\/www.notariadeblaslluna.es\\\/wp-content\\\/uploads\\\/2021\\\/05\\\/Notaria-De-Blas-Actas.jpg\",\"datePublished\":\"2016-07-14T06:12:51+00:00\",\"dateModified\":\"2025-09-11T07:01:05+00:00\",\"description\":\"En Notar\u00eda de Blas & Lluna realizamos diversos tipos de actas. Cons\u00faltenos y le informaremos con todo detalle.\",\"breadcrumb\":{\"@id\":\"https:\\\/\\\/www.notariadeblaslluna.es\\\/actas-notariales\\\/#breadcrumb\"},\"inLanguage\":\"en-GB\",\"potentialAction\":[{\"@type\":\"ReadAction\",\"target\":[\"https:\\\/\\\/www.notariadeblaslluna.es\\\/actas-notariales\\\/\"]}]},{\"@type\":\"ImageObject\",\"inLanguage\":\"en-GB\",\"@id\":\"https:\\\/\\\/www.notariadeblaslluna.es\\\/actas-notariales\\\/#primaryimage\",\"url\":\"https:\\\/\\\/www.notariadeblaslluna.es\\\/wp-content\\\/uploads\\\/2021\\\/05\\\/Notaria-De-Blas-Actas.jpg\",\"contentUrl\":\"https:\\\/\\\/www.notariadeblaslluna.es\\\/wp-content\\\/uploads\\\/2021\\\/05\\\/Notaria-De-Blas-Actas.jpg\",\"width\":1400,\"height\":320,\"caption\":\"Notar\u00eda De Blas - Actas\"},{\"@type\":\"BreadcrumbList\",\"@id\":\"https:\\\/\\\/www.notariadeblaslluna.es\\\/actas-notariales\\\/#breadcrumb\",\"itemListElement\":[{\"@type\":\"ListItem\",\"position\":1,\"name\":\"Home\",\"item\":\"https:\\\/\\\/www.notariadeblaslluna.es\\\/\"},{\"@type\":\"ListItem\",\"position\":2,\"name\":\"Actas\"}]},{\"@type\":\"WebSite\",\"@id\":\"https:\\\/\\\/www.notariadeblaslluna.es\\\/#website\",\"url\":\"https:\\\/\\\/www.notariadeblaslluna.es\\\/\",\"name\":\"Notaria de Blas & Lluna\",\"description\":\"Notar\u00eda de Blas &amp; Lluna. Passeig de Gr\u00e0cia, 39 | Barcelona\",\"publisher\":{\"@id\":\"https:\\\/\\\/www.notariadeblaslluna.es\\\/#organization\"},\"potentialAction\":[{\"@type\":\"SearchAction\",\"target\":{\"@type\":\"EntryPoint\",\"urlTemplate\":\"https:\\\/\\\/www.notariadeblaslluna.es\\\/?s={search_term_string}\"},\"query-input\":{\"@type\":\"PropertyValueSpecification\",\"valueRequired\":true,\"valueName\":\"search_term_string\"}}],\"inLanguage\":\"en-GB\"},{\"@type\":\"Organization\",\"@id\":\"https:\\\/\\\/www.notariadeblaslluna.es\\\/#organization\",\"name\":\"Notar\u00eda De Blas & Lluna\",\"url\":\"https:\\\/\\\/www.notariadeblaslluna.es\\\/\",\"logo\":{\"@type\":\"ImageObject\",\"inLanguage\":\"en-GB\",\"@id\":\"https:\\\/\\\/www.notariadeblaslluna.es\\\/#\\\/schema\\\/logo\\\/image\\\/\",\"url\":\"https:\\\/\\\/www.notariadeblaslluna.es\\\/wp-content\\\/uploads\\\/2024\\\/03\\\/Notaria-De-Blas-Lluna-Logo.png\",\"contentUrl\":\"https:\\\/\\\/www.notariadeblaslluna.es\\\/wp-content\\\/uploads\\\/2024\\\/03\\\/Notaria-De-Blas-Lluna-Logo.png\",\"width\":300,\"height\":70,\"caption\":\"Notar\u00eda De Blas & Lluna\"},\"image\":{\"@id\":\"https:\\\/\\\/www.notariadeblaslluna.es\\\/#\\\/schema\\\/logo\\\/image\\\/\"},\"sameAs\":[\"https:\\\/\\\/www.facebook.com\\\/notariadeblas\\\/\",\"https:\\\/\\\/www.linkedin.com\\\/company\\\/79662096\\\/admin\\\/\"]}]}<\/script>\n<!-- \/ Yoast SEO Premium plugin. -->","yoast_head_json":{"title":"Actas - Notar\u00eda de Blas &amp; Lluna","description":"At Notaria de Blas &amp; Lluna, we prepare various types of proceedings. Contact us and we'll provide you with all the details.","robots":{"index":"index","follow":"follow","max-snippet":"max-snippet:-1","max-image-preview":"max-image-preview:large","max-video-preview":"max-video-preview:-1"},"canonical":"https:\/\/www.notariadeblaslluna.es\/en\/actas-notariales\/","og_locale":"en_GB","og_type":"article","og_title":"Actas","og_description":"En Notar\u00eda de Blas & Lluna realizamos diversos tipos de actas. Cons\u00faltenos y le informaremos con todo detalle.","og_url":"https:\/\/www.notariadeblaslluna.es\/en\/actas-notariales\/","og_site_name":"Notar\u00eda de Blas &amp; Lluna","article_publisher":"https:\/\/www.facebook.com\/notariadeblas\/","article_modified_time":"2025-09-11T07:01:05+00:00","og_image":[{"width":1400,"height":320,"url":"https:\/\/www.notariadeblaslluna.es\/wp-content\/uploads\/2021\/05\/Notaria-De-Blas-Actas.jpg","type":"image\/jpeg"}],"twitter_card":"summary_large_image","twitter_misc":{"Estimated reading time":"2 minutes"},"schema":{"@context":"https:\/\/schema.org","@graph":[{"@type":"WebPage","@id":"https:\/\/www.notariadeblaslluna.es\/actas-notariales\/","url":"https:\/\/www.notariadeblaslluna.es\/actas-notariales\/","name":"Actas - Notar\u00eda de Blas &amp; Lluna","isPartOf":{"@id":"https:\/\/www.notariadeblaslluna.es\/#website"},"primaryImageOfPage":{"@id":"https:\/\/www.notariadeblaslluna.es\/actas-notariales\/#primaryimage"},"image":{"@id":"https:\/\/www.notariadeblaslluna.es\/actas-notariales\/#primaryimage"},"thumbnailUrl":"https:\/\/www.notariadeblaslluna.es\/wp-content\/uploads\/2021\/05\/Notaria-De-Blas-Actas.jpg","datePublished":"2016-07-14T06:12:51+00:00","dateModified":"2025-09-11T07:01:05+00:00","description":"At Notaria de Blas &amp; Lluna, we prepare various types of proceedings. Contact us and we'll provide you with all the details.","breadcrumb":{"@id":"https:\/\/www.notariadeblaslluna.es\/actas-notariales\/#breadcrumb"},"inLanguage":"en-GB","potentialAction":[{"@type":"ReadAction","target":["https:\/\/www.notariadeblaslluna.es\/actas-notariales\/"]}]},{"@type":"ImageObject","inLanguage":"en-GB","@id":"https:\/\/www.notariadeblaslluna.es\/actas-notariales\/#primaryimage","url":"https:\/\/www.notariadeblaslluna.es\/wp-content\/uploads\/2021\/05\/Notaria-De-Blas-Actas.jpg","contentUrl":"https:\/\/www.notariadeblaslluna.es\/wp-content\/uploads\/2021\/05\/Notaria-De-Blas-Actas.jpg","width":1400,"height":320,"caption":"Notar\u00eda De Blas - Actas"},{"@type":"BreadcrumbList","@id":"https:\/\/www.notariadeblaslluna.es\/actas-notariales\/#breadcrumb","itemListElement":[{"@type":"ListItem","position":1,"name":"Home","item":"https:\/\/www.notariadeblaslluna.es\/"},{"@type":"ListItem","position":2,"name":"Actas"}]},{"@type":"WebSite","@id":"https:\/\/www.notariadeblaslluna.es\/#website","url":"https:\/\/www.notariadeblaslluna.es\/","name":"Notaria de Blas & Lluna","description":"Notar\u00eda de Blas &amp; Lluna. Passeig de Gr\u00e0cia, 39 | Barcelona","publisher":{"@id":"https:\/\/www.notariadeblaslluna.es\/#organization"},"potentialAction":[{"@type":"SearchAction","target":{"@type":"EntryPoint","urlTemplate":"https:\/\/www.notariadeblaslluna.es\/?s={search_term_string}"},"query-input":{"@type":"PropertyValueSpecification","valueRequired":true,"valueName":"search_term_string"}}],"inLanguage":"en-GB"},{"@type":"Organization","@id":"https:\/\/www.notariadeblaslluna.es\/#organization","name":"Notaria De Blas &amp; Lluna","url":"https:\/\/www.notariadeblaslluna.es\/","logo":{"@type":"ImageObject","inLanguage":"en-GB","@id":"https:\/\/www.notariadeblaslluna.es\/#\/schema\/logo\/image\/","url":"https:\/\/www.notariadeblaslluna.es\/wp-content\/uploads\/2024\/03\/Notaria-De-Blas-Lluna-Logo.png","contentUrl":"https:\/\/www.notariadeblaslluna.es\/wp-content\/uploads\/2024\/03\/Notaria-De-Blas-Lluna-Logo.png","width":300,"height":70,"caption":"Notar\u00eda De Blas & Lluna"},"image":{"@id":"https:\/\/www.notariadeblaslluna.es\/#\/schema\/logo\/image\/"},"sameAs":["https:\/\/www.facebook.com\/notariadeblas\/","https:\/\/www.linkedin.com\/company\/79662096\/admin\/"]}]}},"_links":{"self":[{"href":"https:\/\/www.notariadeblaslluna.es\/en\/wp-json\/wp\/v2\/pages\/2870","targetHints":{"allow":["GET"]}}],"collection":[{"href":"https:\/\/www.notariadeblaslluna.es\/en\/wp-json\/wp\/v2\/pages"}],"about":[{"href":"https:\/\/www.notariadeblaslluna.es\/en\/wp-json\/wp\/v2\/types\/page"}],"author":[{"embeddable":true,"href":"https:\/\/www.notariadeblaslluna.es\/en\/wp-json\/wp\/v2\/users\/1"}],"replies":[{"embeddable":true,"href":"https:\/\/www.notariadeblaslluna.es\/en\/wp-json\/wp\/v2\/comments?post=2870"}],"version-history":[{"count":0,"href":"https:\/\/www.notariadeblaslluna.es\/en\/wp-json\/wp\/v2\/pages\/2870\/revisions"}],"wp:featuredmedia":[{"embeddable":true,"href":"https:\/\/www.notariadeblaslluna.es\/en\/wp-json\/wp\/v2\/media\/4239"}],"wp:attachment":[{"href":"https:\/\/www.notariadeblaslluna.es\/en\/wp-json\/wp\/v2\/media?parent=2870"}],"curies":[{"name":"wp","href":"https:\/\/api.w.org\/{rel}","templated":true}]}}