{"id":1861,"date":"2015-03-24T10:17:29","date_gmt":"2015-03-24T09:17:29","guid":{"rendered":"http:\/\/rhythmwp.wpengine.com\/?page_id=1861"},"modified":"2025-10-29T10:58:03","modified_gmt":"2025-10-29T09:58:03","slug":"nosotros","status":"publish","type":"page","link":"https:\/\/www.notariadeblaslluna.es\/en\/nosotros\/","title":{"rendered":"About us"},"content":{"rendered":"<div data-elementor-type=\"wp-page\" data-elementor-id=\"1861\" class=\"elementor elementor-1861\" data-elementor-post-type=\"page\">\n\t\t\t\t\t\t<section class=\"elementor-section elementor-top-section elementor-element elementor-element-c268a4a elementor-section-full_width elementor-section-height-default elementor-section-height-default\" data-id=\"c268a4a\" data-element_type=\"section\" data-e-type=\"section\">\n\t\t\t\t\t\t<div class=\"elementor-container elementor-column-gap-default\">\n\t\t\t\t\t<div class=\"elementor-column elementor-col-33 elementor-top-column elementor-element elementor-element-ce70c2f\" data-id=\"ce70c2f\" data-element_type=\"column\" data-e-type=\"column\">\n\t\t\t<div class=\"elementor-widget-wrap elementor-element-populated\">\n\t\t\t\t\t\t<div class=\"elementor-element elementor-element-a009400 elementor-widget elementor-widget-text-editor\" data-id=\"a009400\" data-element_type=\"widget\" data-e-type=\"widget\" data-widget_type=\"text-editor.default\">\n\t\t\t\t\t\t\t\t\t<p class=\"translation-block\">The Notary is an <strong>official professional specialist in law<\/strong> who, in his capacity as <strong>legal advisor, interpreter and configurator<\/strong>, oversees <strong>advising, informing, and helping citizens<\/strong> in the businesses they wish to carry out.<\/p>\t\t\t\t\t\t\t\t<\/div>\n\t\t\t\t\t<\/div>\n\t\t<\/div>\n\t\t\t\t<div class=\"elementor-column elementor-col-33 elementor-top-column elementor-element elementor-element-228173c\" data-id=\"228173c\" data-element_type=\"column\" data-e-type=\"column\">\n\t\t\t<div class=\"elementor-widget-wrap elementor-element-populated\">\n\t\t\t\t\t\t<div class=\"elementor-element elementor-element-ee2911e elementor-widget elementor-widget-text-editor\" data-id=\"ee2911e\" data-element_type=\"widget\" data-e-type=\"widget\" data-widget_type=\"text-editor.default\">\n\t\t\t\t\t\t\t\t\t<p class=\"translation-block\">The State delegates and deposits in the notary<strong> the power to authorize, according to the law, the documents involved<\/strong>. He exercises a control of legality and, therefore, deploys all the effectiveness both to prevent lawsuits and to enable the resolution and execution of a judicial process.<\/p>\t\t\t\t\t\t\t\t<\/div>\n\t\t\t\t\t<\/div>\n\t\t<\/div>\n\t\t\t\t<div class=\"elementor-column elementor-col-33 elementor-top-column elementor-element elementor-element-dd87122\" data-id=\"dd87122\" data-element_type=\"column\" data-e-type=\"column\">\n\t\t\t<div class=\"elementor-widget-wrap elementor-element-populated\">\n\t\t\t\t\t\t<div class=\"elementor-element elementor-element-e5b9b39 elementor-widget elementor-widget-text-editor\" data-id=\"e5b9b39\" data-element_type=\"widget\" data-e-type=\"widget\" data-widget_type=\"text-editor.default\">\n\t\t\t\t\t\t\t\t\t<p class=\"translation-block\">With the current banking and legal problems, it is increasingly necessary to go to <strong>a trusted Notary<\/strong> who cares about people's real problems and can advise and inform them of all their rights, while watching over them.<\/p>\t\t\t\t\t\t\t\t<\/div>\n\t\t\t\t\t<\/div>\n\t\t<\/div>\n\t\t\t\t\t<\/div>\n\t\t<\/section>\n\t\t\t\t<section class=\"elementor-section elementor-top-section elementor-element elementor-element-5a4af06 elementor-section-full_width elementor-section-height-default elementor-section-height-default\" data-id=\"5a4af06\" data-element_type=\"section\" data-e-type=\"section\">\n\t\t\t\t\t\t<div class=\"elementor-container elementor-column-gap-no\">\n\t\t\t\t\t<div class=\"elementor-column elementor-col-100 elementor-top-column elementor-element elementor-element-5e9daa8\" data-id=\"5e9daa8\" data-element_type=\"column\" data-e-type=\"column\">\n\t\t\t<div class=\"elementor-widget-wrap elementor-element-populated\">\n\t\t\t\t\t\t<div class=\"elementor-element elementor-element-1152590 elementor-widget elementor-widget-image\" data-id=\"1152590\" data-element_type=\"widget\" data-e-type=\"widget\" data-widget_type=\"image.default\">\n\t\t\t\t\t\t\t\t\t\t\t\t\t\t\t<img fetchpriority=\"high\" decoding=\"async\" width=\"1000\" height=\"366\" src=\"https:\/\/www.notariadeblaslluna.es\/wp-content\/uploads\/2021\/05\/Notaria-De-Blas-Nosotros-1.jpg\" class=\"attachment-full size-full wp-image-4924\" alt=\"Notar\u00eda De Blas - About us\" srcset=\"https:\/\/www.notariadeblaslluna.es\/wp-content\/uploads\/2021\/05\/Notaria-De-Blas-Nosotros-1.jpg.webp 1000w, https:\/\/www.notariadeblaslluna.es\/wp-content\/uploads\/2021\/05\/Notaria-De-Blas-Nosotros-1-500x183.jpg.webp 500w, https:\/\/www.notariadeblaslluna.es\/wp-content\/uploads\/2021\/05\/Notaria-De-Blas-Nosotros-1-768x281.jpg.webp 768w\" sizes=\"(max-width: 1000px) 100vw, 1000px\" \/>\t\t\t\t\t\t\t\t\t\t\t\t\t\t\t<\/div>\n\t\t\t\t\t<\/div>\n\t\t<\/div>\n\t\t\t\t\t<\/div>\n\t\t<\/section>\n\t\t\t\t<section class=\"elementor-section elementor-top-section elementor-element elementor-element-0d80d29 elementor-section-full_width elementor-section-height-default elementor-section-height-default\" data-id=\"0d80d29\" data-element_type=\"section\" data-e-type=\"section\">\n\t\t\t\t\t\t<div class=\"elementor-container elementor-column-gap-no\">\n\t\t\t\t\t<div class=\"elementor-column elementor-col-100 elementor-top-column elementor-element elementor-element-38a1ffd\" data-id=\"38a1ffd\" data-element_type=\"column\" data-e-type=\"column\">\n\t\t\t<div class=\"elementor-widget-wrap elementor-element-populated\">\n\t\t\t\t\t\t<div class=\"elementor-element elementor-element-7f3c46b elementor-widget elementor-widget-heading\" data-id=\"7f3c46b\" data-element_type=\"widget\" data-e-type=\"widget\" data-widget_type=\"heading.default\">\n\t\t\t\t\t<h2 class=\"elementor-heading-title elementor-size-default\">BIOGRAPHY OF THE NOTARY ANTONIO D\u00cdEZ DE BLAS<\/h2>\t\t\t\t<\/div>\n\t\t\t\t<section class=\"elementor-section elementor-inner-section elementor-element elementor-element-92f557f elementor-section-full_width elementor-section-height-default elementor-section-height-default\" data-id=\"92f557f\" data-element_type=\"section\" data-e-type=\"section\">\n\t\t\t\t\t\t<div class=\"elementor-container elementor-column-gap-default\">\n\t\t\t\t\t<div class=\"elementor-column elementor-col-50 elementor-inner-column elementor-element elementor-element-7247754\" data-id=\"7247754\" data-element_type=\"column\" data-e-type=\"column\">\n\t\t\t<div class=\"elementor-widget-wrap elementor-element-populated\">\n\t\t\t\t\t\t<div class=\"elementor-element elementor-element-3e67374 elementor-widget elementor-widget-text-editor\" data-id=\"3e67374\" data-element_type=\"widget\" data-e-type=\"widget\" data-widget_type=\"text-editor.default\">\n\t\t\t\t\t\t\t\t\t<p class=\"translation-block\">Between 1999 and 2004, <strong>Antonio D\u00edez de Blas<\/strong> studied Law at the University of Valladolid, obtaining the qualification of <strong>excellent CUM LAUDE<\/strong> and receiving a scholarship from the Ministry of Education during the last year of his degree to carry out <strong>research work in the Commercial Law department<\/strong>.<\/p><p class=\"translation-block\"><strong>De Blas<\/strong> passed the competitive examinations in 2008 and at the age of 26 he was assigned to Fabero (Le\u00f3n province) where he served as a Notary Public until 2011, when he moved to Barcelona. After four years practicing in Dca Notarios, he created his own <strong>notary's office<\/strong> in 2015, <strong>placed in #39 Passeig de Gr\u00e0cia, Barcelona<\/strong>.<\/p><p class=\"translation-block\">In addition to his activity as a Notary Public, <strong>Antonio D\u00edez de Blas<\/strong> is still linked to teaching through the Academy for the Preparation of Notary Public Opponents that the <strong>Notary School of Catalonia<\/strong> has at the disposal of anyone who wants to prepare these tough competitive examinations.<\/p><p class=\"translation-block\"><strong>De Blas<\/strong> also teaches <strong>Civil Law<\/strong> at the <strong>University of Barcelona<\/strong> under the tutelage of Professor <strong>Carlos Villagrasa<\/strong>.<\/p>\t\t\t\t\t\t\t\t<\/div>\n\t\t\t\t\t<\/div>\n\t\t<\/div>\n\t\t\t\t<div class=\"elementor-column elementor-col-50 elementor-inner-column elementor-element elementor-element-e2f77ef\" data-id=\"e2f77ef\" data-element_type=\"column\" data-e-type=\"column\">\n\t\t\t<div class=\"elementor-widget-wrap elementor-element-populated\">\n\t\t\t\t\t\t<div class=\"elementor-element elementor-element-0cebdab elementor-widget elementor-widget-image\" data-id=\"0cebdab\" data-element_type=\"widget\" data-e-type=\"widget\" data-widget_type=\"image.default\">\n\t\t\t\t\t\t\t\t\t\t\t\t<figure class=\"wp-caption\">\n\t\t\t\t\t\t\t\t\t\t<img decoding=\"async\" width=\"360\" height=\"540\" src=\"https:\/\/www.notariadeblaslluna.es\/wp-content\/uploads\/2024\/12\/Notaria-de-Blas-Lluna-Nosotros-Antonio-Diez-De-Blas.jpg\" class=\"attachment-full size-full wp-image-6450\" alt=\"Notar\u00eda de Blas &amp; Lluna - About us - Antonio D\u00edez De Blas\" srcset=\"https:\/\/www.notariadeblaslluna.es\/wp-content\/uploads\/2024\/12\/Notaria-de-Blas-Lluna-Nosotros-Antonio-Diez-De-Blas.jpg.webp 360w, https:\/\/www.notariadeblaslluna.es\/wp-content\/uploads\/2024\/12\/Notaria-de-Blas-Lluna-Nosotros-Antonio-Diez-De-Blas-333x500.jpg.webp 333w\" sizes=\"(max-width: 360px) 100vw, 360px\" \/>\t\t\t\t\t\t\t\t\t\t\t<figcaption class=\"widget-image-caption wp-caption-text\">Antonio D\u00edez De Blas<\/figcaption>\n\t\t\t\t\t\t\t\t\t\t<\/figure>\n\t\t\t\t\t\t\t\t\t<\/div>\n\t\t\t\t\t<\/div>\n\t\t<\/div>\n\t\t\t\t\t<\/div>\n\t\t<\/section>\n\t\t\t\t\t<\/div>\n\t\t<\/div>\n\t\t\t\t\t<\/div>\n\t\t<\/section>\n\t\t\t\t<section class=\"elementor-section elementor-top-section elementor-element elementor-element-2b2ada1 elementor-section-full_width elementor-reverse-tablet elementor-reverse-mobile elementor-section-height-default elementor-section-height-default\" data-id=\"2b2ada1\" data-element_type=\"section\" data-e-type=\"section\">\n\t\t\t\t\t\t<div class=\"elementor-container elementor-column-gap-no\">\n\t\t\t\t\t<div class=\"elementor-column elementor-col-100 elementor-top-column elementor-element elementor-element-0089951\" data-id=\"0089951\" data-element_type=\"column\" data-e-type=\"column\">\n\t\t\t<div class=\"elementor-widget-wrap elementor-element-populated\">\n\t\t\t\t\t\t<div class=\"elementor-element elementor-element-c979493 elementor-widget elementor-widget-heading\" data-id=\"c979493\" data-element_type=\"widget\" data-e-type=\"widget\" data-widget_type=\"heading.default\">\n\t\t\t\t\t<h2 class=\"elementor-heading-title elementor-size-default\">BIOGRAPHY OF THE NOTARY PABLO LLUNA ANDREU<\/h2>\t\t\t\t<\/div>\n\t\t\t\t<section class=\"elementor-section elementor-inner-section elementor-element elementor-element-3ce7c13 elementor-section-full_width elementor-section-height-default elementor-section-height-default\" data-id=\"3ce7c13\" data-element_type=\"section\" data-e-type=\"section\">\n\t\t\t\t\t\t<div class=\"elementor-container elementor-column-gap-default\">\n\t\t\t\t\t<div class=\"elementor-column elementor-col-50 elementor-inner-column elementor-element elementor-element-ef814e5\" data-id=\"ef814e5\" data-element_type=\"column\" data-e-type=\"column\">\n\t\t\t<div class=\"elementor-widget-wrap elementor-element-populated\">\n\t\t\t\t\t\t<div class=\"elementor-element elementor-element-c4901ec elementor-widget elementor-widget-image\" data-id=\"c4901ec\" data-element_type=\"widget\" data-e-type=\"widget\" data-widget_type=\"image.default\">\n\t\t\t\t\t\t\t\t\t\t\t\t<figure class=\"wp-caption\">\n\t\t\t\t\t\t\t\t\t\t<img decoding=\"async\" width=\"360\" height=\"540\" src=\"https:\/\/www.notariadeblaslluna.es\/wp-content\/uploads\/2024\/04\/Notaria-de-Blas-Lluna-Nosotros-Pablo-Lluna-Andreu.jpg\" class=\"attachment-full size-full wp-image-6309\" alt=\"Notar\u00eda de Blas &amp; Lluna - About us - Pablo Lluna Andreu\" srcset=\"https:\/\/www.notariadeblaslluna.es\/wp-content\/uploads\/2024\/04\/Notaria-de-Blas-Lluna-Nosotros-Pablo-Lluna-Andreu.jpg.webp 360w, https:\/\/www.notariadeblaslluna.es\/wp-content\/uploads\/2024\/04\/Notaria-de-Blas-Lluna-Nosotros-Pablo-Lluna-Andreu-333x500.jpg.webp 333w\" sizes=\"(max-width: 360px) 100vw, 360px\" \/>\t\t\t\t\t\t\t\t\t\t\t<figcaption class=\"widget-image-caption wp-caption-text\">Pablo Lluna Andreu<\/figcaption>\n\t\t\t\t\t\t\t\t\t\t<\/figure>\n\t\t\t\t\t\t\t\t\t<\/div>\n\t\t\t\t\t<\/div>\n\t\t<\/div>\n\t\t\t\t<div class=\"elementor-column elementor-col-50 elementor-inner-column elementor-element elementor-element-0a48979\" data-id=\"0a48979\" data-element_type=\"column\" data-e-type=\"column\">\n\t\t\t<div class=\"elementor-widget-wrap elementor-element-populated\">\n\t\t\t\t\t\t<div class=\"elementor-element elementor-element-45fc620 elementor-widget elementor-widget-text-editor\" data-id=\"45fc620\" data-element_type=\"widget\" data-e-type=\"widget\" data-widget_type=\"text-editor.default\">\n\t\t\t\t\t\t\t\t\t<p class=\"translation-block\">With a clear legal vocation since childhood and coming from a family of Commercial Brokers and Notaries, <strong>Pablo Lluna Andreu<\/strong> studied Law at the <strong>Cardenal Herrera CEU University<\/strong> as well as at the <strong>University of Glasgow<\/strong>. Simultaneously, he completed a <strong>Master's Degree in Business Management and Administration<\/strong> to deepen his commercial and financial knowledge.<\/p><p class=\"translation-block\">Once the opposition to the title of Notary was overcome, he continued collaborating with the <strong>Academy of opponents of the Notarial College of Valencia<\/strong> and currently trains future notaries both in the Academy of opponents of the Col.legi de Notaris de Catalunya and in the Matritense Academy of Notarial.<\/p><p class=\"translation-block\">Notary in the city of Barcelona since 2023, <strong>he founded Del Clot Notary<\/strong> until his professional union with Mr. Antonio D\u00edez de Blas to give rise to the <strong>Blas &amp; Lluna Notary<\/strong> where he currently practices.<\/p>\t\t\t\t\t\t\t\t<\/div>\n\t\t\t\t\t<\/div>\n\t\t<\/div>\n\t\t\t\t\t<\/div>\n\t\t<\/section>\n\t\t\t\t\t<\/div>\n\t\t<\/div>\n\t\t\t\t\t<\/div>\n\t\t<\/section>\n\t\t\t\t<\/div>","protected":false},"excerpt":{"rendered":"<p>El Notario es un profesional oficial especialista en derecho que, en su car\u00e1cter de asesor jur\u00eddico, int\u00e9rprete y configurador, es el encargado de asesorar, informar y ayudar a los ciudadanos en los negocios que desean realizar. El Estado delega y deposita en el notario la facultad de autorizar, conforme a la ley, los documentos que<br \/><a class=\"moretag\" href=\"https:\/\/www.notariadeblaslluna.es\/en\/nosotros\/\">+ Read More<\/a><\/p>","protected":false},"author":1,"featured_media":4259,"parent":0,"menu_order":0,"comment_status":"closed","ping_status":"closed","template":"templates\/page-fullwidth_template.php","meta":{"footnotes":""},"class_list":["post-1861","page","type-page","status-publish","has-post-thumbnail","hentry"],"yoast_head":"<!-- This site is optimized with the Yoast SEO Premium plugin v27.2 (Yoast SEO v27.4) - https:\/\/yoast.com\/product\/yoast-seo-premium-wordpress\/ -->\n<title>Nosotros - Notar\u00eda de Blas &amp; Lluna<\/title>\n<meta name=\"description\" content=\"Descubre nuestra filosof\u00eda de trabajo, compromiso con el cliente y trayectoria profesional. Un despacho notarial centrado en la confianza.\" \/>\n<meta name=\"robots\" content=\"index, follow, max-snippet:-1, max-image-preview:large, max-video-preview:-1\" \/>\n<link rel=\"canonical\" href=\"https:\/\/www.notariadeblaslluna.es\/en\/nosotros\/\" \/>\n<meta property=\"og:locale\" content=\"en_GB\" \/>\n<meta property=\"og:type\" content=\"article\" \/>\n<meta property=\"og:title\" content=\"Nosotros\" \/>\n<meta property=\"og:description\" content=\"Descubre nuestra filosof\u00eda de trabajo, compromiso con el cliente y trayectoria profesional. Un despacho notarial centrado en la confianza.\" \/>\n<meta property=\"og:url\" content=\"https:\/\/www.notariadeblaslluna.es\/en\/nosotros\/\" \/>\n<meta property=\"og:site_name\" content=\"Notar\u00eda de Blas &amp; Lluna\" \/>\n<meta property=\"article:publisher\" content=\"https:\/\/www.facebook.com\/notariadeblas\/\" \/>\n<meta property=\"article:modified_time\" content=\"2025-10-29T09:58:03+00:00\" \/>\n<meta property=\"og:image\" content=\"https:\/\/www.notariadeblaslluna.es\/wp-content\/uploads\/2021\/05\/Notaria-De-Blas-Nosotros.jpg\" \/>\n\t<meta property=\"og:image:width\" content=\"1400\" \/>\n\t<meta property=\"og:image:height\" content=\"320\" \/>\n\t<meta property=\"og:image:type\" content=\"image\/jpeg\" \/>\n<meta name=\"twitter:card\" content=\"summary_large_image\" \/>\n<meta name=\"twitter:label1\" content=\"Estimated reading time\" \/>\n\t<meta name=\"twitter:data1\" content=\"3 minutes\" \/>\n<script type=\"application\/ld+json\" class=\"yoast-schema-graph\">{\"@context\":\"https:\\\/\\\/schema.org\",\"@graph\":[{\"@type\":\"WebPage\",\"@id\":\"https:\\\/\\\/www.notariadeblaslluna.es\\\/nosotros\\\/\",\"url\":\"https:\\\/\\\/www.notariadeblaslluna.es\\\/nosotros\\\/\",\"name\":\"Nosotros - Notar\u00eda de Blas &amp; Lluna\",\"isPartOf\":{\"@id\":\"https:\\\/\\\/www.notariadeblaslluna.es\\\/#website\"},\"primaryImageOfPage\":{\"@id\":\"https:\\\/\\\/www.notariadeblaslluna.es\\\/nosotros\\\/#primaryimage\"},\"image\":{\"@id\":\"https:\\\/\\\/www.notariadeblaslluna.es\\\/nosotros\\\/#primaryimage\"},\"thumbnailUrl\":\"https:\\\/\\\/www.notariadeblaslluna.es\\\/wp-content\\\/uploads\\\/2021\\\/05\\\/Notaria-De-Blas-Nosotros.jpg\",\"datePublished\":\"2015-03-24T09:17:29+00:00\",\"dateModified\":\"2025-10-29T09:58:03+00:00\",\"description\":\"Descubre nuestra filosof\u00eda de trabajo, compromiso con el cliente y trayectoria profesional. Un despacho notarial centrado en la confianza.\",\"breadcrumb\":{\"@id\":\"https:\\\/\\\/www.notariadeblaslluna.es\\\/nosotros\\\/#breadcrumb\"},\"inLanguage\":\"en-GB\",\"potentialAction\":[{\"@type\":\"ReadAction\",\"target\":[\"https:\\\/\\\/www.notariadeblaslluna.es\\\/nosotros\\\/\"]}]},{\"@type\":\"ImageObject\",\"inLanguage\":\"en-GB\",\"@id\":\"https:\\\/\\\/www.notariadeblaslluna.es\\\/nosotros\\\/#primaryimage\",\"url\":\"https:\\\/\\\/www.notariadeblaslluna.es\\\/wp-content\\\/uploads\\\/2021\\\/05\\\/Notaria-De-Blas-Nosotros.jpg\",\"contentUrl\":\"https:\\\/\\\/www.notariadeblaslluna.es\\\/wp-content\\\/uploads\\\/2021\\\/05\\\/Notaria-De-Blas-Nosotros.jpg\",\"width\":1400,\"height\":320,\"caption\":\"Notar\u00eda De Blas - Nosotros\"},{\"@type\":\"BreadcrumbList\",\"@id\":\"https:\\\/\\\/www.notariadeblaslluna.es\\\/nosotros\\\/#breadcrumb\",\"itemListElement\":[{\"@type\":\"ListItem\",\"position\":1,\"name\":\"Home\",\"item\":\"https:\\\/\\\/www.notariadeblaslluna.es\\\/\"},{\"@type\":\"ListItem\",\"position\":2,\"name\":\"Nosotros\"}]},{\"@type\":\"WebSite\",\"@id\":\"https:\\\/\\\/www.notariadeblaslluna.es\\\/#website\",\"url\":\"https:\\\/\\\/www.notariadeblaslluna.es\\\/\",\"name\":\"Notaria de Blas & Lluna\",\"description\":\"Notar\u00eda de Blas &amp; Lluna. Passeig de Gr\u00e0cia, 39 | Barcelona\",\"publisher\":{\"@id\":\"https:\\\/\\\/www.notariadeblaslluna.es\\\/#organization\"},\"potentialAction\":[{\"@type\":\"SearchAction\",\"target\":{\"@type\":\"EntryPoint\",\"urlTemplate\":\"https:\\\/\\\/www.notariadeblaslluna.es\\\/?s={search_term_string}\"},\"query-input\":{\"@type\":\"PropertyValueSpecification\",\"valueRequired\":true,\"valueName\":\"search_term_string\"}}],\"inLanguage\":\"en-GB\"},{\"@type\":\"Organization\",\"@id\":\"https:\\\/\\\/www.notariadeblaslluna.es\\\/#organization\",\"name\":\"Notar\u00eda De Blas & Lluna\",\"url\":\"https:\\\/\\\/www.notariadeblaslluna.es\\\/\",\"logo\":{\"@type\":\"ImageObject\",\"inLanguage\":\"en-GB\",\"@id\":\"https:\\\/\\\/www.notariadeblaslluna.es\\\/#\\\/schema\\\/logo\\\/image\\\/\",\"url\":\"https:\\\/\\\/www.notariadeblaslluna.es\\\/wp-content\\\/uploads\\\/2024\\\/03\\\/Notaria-De-Blas-Lluna-Logo.png\",\"contentUrl\":\"https:\\\/\\\/www.notariadeblaslluna.es\\\/wp-content\\\/uploads\\\/2024\\\/03\\\/Notaria-De-Blas-Lluna-Logo.png\",\"width\":300,\"height\":70,\"caption\":\"Notar\u00eda De Blas & Lluna\"},\"image\":{\"@id\":\"https:\\\/\\\/www.notariadeblaslluna.es\\\/#\\\/schema\\\/logo\\\/image\\\/\"},\"sameAs\":[\"https:\\\/\\\/www.facebook.com\\\/notariadeblas\\\/\",\"https:\\\/\\\/www.linkedin.com\\\/company\\\/79662096\\\/admin\\\/\"]}]}<\/script>\n<!-- \/ Yoast SEO Premium plugin. -->","yoast_head_json":{"title":"Nosotros - Notar\u00eda de Blas &amp; Lluna","description":"Discover our work philosophy, commitment to clients, and professional track record. A notary office focused on trust.","robots":{"index":"index","follow":"follow","max-snippet":"max-snippet:-1","max-image-preview":"max-image-preview:large","max-video-preview":"max-video-preview:-1"},"canonical":"https:\/\/www.notariadeblaslluna.es\/en\/nosotros\/","og_locale":"en_GB","og_type":"article","og_title":"Nosotros","og_description":"Descubre nuestra filosof\u00eda de trabajo, compromiso con el cliente y trayectoria profesional. Un despacho notarial centrado en la confianza.","og_url":"https:\/\/www.notariadeblaslluna.es\/en\/nosotros\/","og_site_name":"Notar\u00eda de Blas &amp; Lluna","article_publisher":"https:\/\/www.facebook.com\/notariadeblas\/","article_modified_time":"2025-10-29T09:58:03+00:00","og_image":[{"width":1400,"height":320,"url":"https:\/\/www.notariadeblaslluna.es\/wp-content\/uploads\/2021\/05\/Notaria-De-Blas-Nosotros.jpg","type":"image\/jpeg"}],"twitter_card":"summary_large_image","twitter_misc":{"Estimated reading time":"3 minutes"},"schema":{"@context":"https:\/\/schema.org","@graph":[{"@type":"WebPage","@id":"https:\/\/www.notariadeblaslluna.es\/nosotros\/","url":"https:\/\/www.notariadeblaslluna.es\/nosotros\/","name":"Nosotros - Notar\u00eda de Blas &amp; Lluna","isPartOf":{"@id":"https:\/\/www.notariadeblaslluna.es\/#website"},"primaryImageOfPage":{"@id":"https:\/\/www.notariadeblaslluna.es\/nosotros\/#primaryimage"},"image":{"@id":"https:\/\/www.notariadeblaslluna.es\/nosotros\/#primaryimage"},"thumbnailUrl":"https:\/\/www.notariadeblaslluna.es\/wp-content\/uploads\/2021\/05\/Notaria-De-Blas-Nosotros.jpg","datePublished":"2015-03-24T09:17:29+00:00","dateModified":"2025-10-29T09:58:03+00:00","description":"Discover our work philosophy, commitment to clients, and professional track record. A notary office focused on trust.","breadcrumb":{"@id":"https:\/\/www.notariadeblaslluna.es\/nosotros\/#breadcrumb"},"inLanguage":"en-GB","potentialAction":[{"@type":"ReadAction","target":["https:\/\/www.notariadeblaslluna.es\/nosotros\/"]}]},{"@type":"ImageObject","inLanguage":"en-GB","@id":"https:\/\/www.notariadeblaslluna.es\/nosotros\/#primaryimage","url":"https:\/\/www.notariadeblaslluna.es\/wp-content\/uploads\/2021\/05\/Notaria-De-Blas-Nosotros.jpg","contentUrl":"https:\/\/www.notariadeblaslluna.es\/wp-content\/uploads\/2021\/05\/Notaria-De-Blas-Nosotros.jpg","width":1400,"height":320,"caption":"Notar\u00eda De Blas - Nosotros"},{"@type":"BreadcrumbList","@id":"https:\/\/www.notariadeblaslluna.es\/nosotros\/#breadcrumb","itemListElement":[{"@type":"ListItem","position":1,"name":"Home","item":"https:\/\/www.notariadeblaslluna.es\/"},{"@type":"ListItem","position":2,"name":"Nosotros"}]},{"@type":"WebSite","@id":"https:\/\/www.notariadeblaslluna.es\/#website","url":"https:\/\/www.notariadeblaslluna.es\/","name":"Notaria de Blas & Lluna","description":"Notar\u00eda de Blas &amp; Lluna. Passeig de Gr\u00e0cia, 39 | Barcelona","publisher":{"@id":"https:\/\/www.notariadeblaslluna.es\/#organization"},"potentialAction":[{"@type":"SearchAction","target":{"@type":"EntryPoint","urlTemplate":"https:\/\/www.notariadeblaslluna.es\/?s={search_term_string}"},"query-input":{"@type":"PropertyValueSpecification","valueRequired":true,"valueName":"search_term_string"}}],"inLanguage":"en-GB"},{"@type":"Organization","@id":"https:\/\/www.notariadeblaslluna.es\/#organization","name":"Notaria De Blas &amp; Lluna","url":"https:\/\/www.notariadeblaslluna.es\/","logo":{"@type":"ImageObject","inLanguage":"en-GB","@id":"https:\/\/www.notariadeblaslluna.es\/#\/schema\/logo\/image\/","url":"https:\/\/www.notariadeblaslluna.es\/wp-content\/uploads\/2024\/03\/Notaria-De-Blas-Lluna-Logo.png","contentUrl":"https:\/\/www.notariadeblaslluna.es\/wp-content\/uploads\/2024\/03\/Notaria-De-Blas-Lluna-Logo.png","width":300,"height":70,"caption":"Notar\u00eda De Blas & Lluna"},"image":{"@id":"https:\/\/www.notariadeblaslluna.es\/#\/schema\/logo\/image\/"},"sameAs":["https:\/\/www.facebook.com\/notariadeblas\/","https:\/\/www.linkedin.com\/company\/79662096\/admin\/"]}]}},"_links":{"self":[{"href":"https:\/\/www.notariadeblaslluna.es\/en\/wp-json\/wp\/v2\/pages\/1861","targetHints":{"allow":["GET"]}}],"collection":[{"href":"https:\/\/www.notariadeblaslluna.es\/en\/wp-json\/wp\/v2\/pages"}],"about":[{"href":"https:\/\/www.notariadeblaslluna.es\/en\/wp-json\/wp\/v2\/types\/page"}],"author":[{"embeddable":true,"href":"https:\/\/www.notariadeblaslluna.es\/en\/wp-json\/wp\/v2\/users\/1"}],"replies":[{"embeddable":true,"href":"https:\/\/www.notariadeblaslluna.es\/en\/wp-json\/wp\/v2\/comments?post=1861"}],"version-history":[{"count":6,"href":"https:\/\/www.notariadeblaslluna.es\/en\/wp-json\/wp\/v2\/pages\/1861\/revisions"}],"predecessor-version":[{"id":6790,"href":"https:\/\/www.notariadeblaslluna.es\/en\/wp-json\/wp\/v2\/pages\/1861\/revisions\/6790"}],"wp:featuredmedia":[{"embeddable":true,"href":"https:\/\/www.notariadeblaslluna.es\/en\/wp-json\/wp\/v2\/media\/4259"}],"wp:attachment":[{"href":"https:\/\/www.notariadeblaslluna.es\/en\/wp-json\/wp\/v2\/media?parent=1861"}],"curies":[{"name":"wp","href":"https:\/\/api.w.org\/{rel}","templated":true}]}}