{"id":6688,"date":"2025-10-14T17:14:20","date_gmt":"2025-10-14T15:14:20","guid":{"rendered":"https:\/\/www.notariadeblaslluna.es\/?page_id=6688"},"modified":"2025-10-28T11:26:28","modified_gmt":"2025-10-28T10:26:28","slug":"videofirma-notarial","status":"publish","type":"page","link":"https:\/\/www.notariadeblaslluna.es\/ca\/videofirma-notarial\/","title":{"rendered":"Videofirma Notarial"},"content":{"rendered":"\t\t<div data-elementor-type=\"wp-page\" data-elementor-id=\"6688\" class=\"elementor elementor-6688\" data-elementor-post-type=\"page\">\n\t\t\t\t<div class=\"elementor-element elementor-element-5203228a e-con-full e-flex e-con e-parent\" data-id=\"5203228a\" data-element_type=\"container\" data-e-type=\"container\">\n\t\t\t\t<div class=\"elementor-element elementor-element-4675f99a elementor-widget elementor-widget-text-editor\" data-id=\"4675f99a\" data-element_type=\"widget\" data-e-type=\"widget\" data-widget_type=\"text-editor.default\">\n\t\t\t\t\t\t\t\t\t<p style=\"text-align: justify;\">En <strong>Notar\u00eda de Blas &amp; Lluna<\/strong> ponemos a tu disposici\u00f3n el servicio de <strong>Videofirma<\/strong>, una soluci\u00f3n \u00e1gil y segura que te permite realizar determinados tr\u00e1mites notariales a distancia, sin necesidad de desplazarte.<\/p>\n<p style=\"text-align: justify;\">Gracias a la <strong>videoconferencia notarial<\/strong>, podr\u00e1s:<\/p>\n\n<ul style=\"text-align: justify;\">\n \t<li>Identificarte de forma telem\u00e1tica con total garant\u00eda legal.<\/li>\n \t<li>Revisar y firmar documentos ante notario desde cualquier lugar.<\/li>\n \t<li>Ahorrar tiempo y simplificar gestiones, manteniendo la misma seguridad jur\u00eddica que en la notar\u00eda.<\/li>\n<\/ul>\n<p style=\"text-align: justify;\">La <strong>Videofirma<\/strong> est\u00e1 especialmente pensada para empresas y particulares que necesitan rapidez, comodidad y plena validez legal en sus operaciones.<\/p>\n<p style=\"text-align: justify;\">En <strong>Notar\u00eda de Blas &amp; Lluna<\/strong> te acompa\u00f1amos en todo el proceso, asegurando transparencia, confianza y eficacia.<\/p>\n&nbsp;\t\t\t\t\t\t\t\t<\/div>\n\t\t\t\t<div class=\"elementor-element elementor-element-29f7575 elementor-widget elementor-widget-heading\" data-id=\"29f7575\" data-element_type=\"widget\" data-e-type=\"widget\" data-widget_type=\"heading.default\">\n\t\t\t\t\t<h3 class=\"elementor-heading-title elementor-size-default\">\u00bfNecesitas m\u00e1s informaci\u00f3n?<\/h3>\t\t\t\t<\/div>\n\t\t\t\t<div class=\"elementor-element elementor-element-0ffb9d5 elementor-widget elementor-widget-heading\" data-id=\"0ffb9d5\" data-element_type=\"widget\" data-e-type=\"widget\" data-widget_type=\"heading.default\">\n\t\t\t\t\t<h3 class=\"elementor-heading-title elementor-size-default\">Contacta con nosotros<\/h3>\t\t\t\t<\/div>\n\t\t\t\t<\/div>\n\t\t\t\t<section class=\"elementor-section elementor-top-section elementor-element elementor-element-1c7ead6 elementor-section-full_width elementor-section-height-default elementor-section-height-default\" data-id=\"1c7ead6\" data-element_type=\"section\" data-e-type=\"section\">\n\t\t\t\t\t\t<div class=\"elementor-container elementor-column-gap-no\">\n\t\t\t\t\t<div class=\"elementor-column elementor-col-100 elementor-top-column elementor-element elementor-element-11ed100\" data-id=\"11ed100\" data-element_type=\"column\" data-e-type=\"column\">\n\t\t\t<div class=\"elementor-widget-wrap elementor-element-populated\">\n\t\t\t\t\t\t<div class=\"elementor-element elementor-element-27f78ac elementor-button-align-start elementor-widget elementor-widget-form\" data-id=\"27f78ac\" data-element_type=\"widget\" data-e-type=\"widget\" data-settings=\"{&quot;step_next_label&quot;:&quot;Next&quot;,&quot;step_previous_label&quot;:&quot;Previous&quot;,&quot;button_width&quot;:&quot;100&quot;,&quot;step_type&quot;:&quot;number_text&quot;,&quot;step_icon_shape&quot;:&quot;circle&quot;}\" data-widget_type=\"form.default\">\n\t\t\t\t\t\t\t<form class=\"elementor-form\" method=\"post\" id=\"contacto\" name=\"Nuevo Formulario\" aria-label=\"Nuevo Formulario\">\n\t\t\t<input type=\"hidden\" name=\"post_id\" value=\"6688\"\/>\n\t\t\t<input type=\"hidden\" name=\"form_id\" value=\"27f78ac\"\/>\n\t\t\t<input type=\"hidden\" name=\"referer_title\" value=\"Videofirma Notarial - Notar\u00eda de Blas &amp; Lluna\" \/>\n\n\t\t\t\t\t\t\t<input type=\"hidden\" name=\"queried_id\" value=\"6688\"\/>\n\t\t\t\n\t\t\t<div class=\"elementor-form-fields-wrapper elementor-labels-above\">\n\t\t\t\t\t\t\t\t<div class=\"elementor-field-type-text elementor-field-group elementor-column elementor-field-group-name elementor-col-50 elementor-field-required elementor-mark-required\">\n\t\t\t\t\t\t\t\t\t\t\t\t<label for=\"form-field-name\" class=\"elementor-field-label\">\n\t\t\t\t\t\t\t\tNombre\t\t\t\t\t\t\t<\/label>\n\t\t\t\t\t\t\t\t\t\t\t\t\t\t<input size=\"1\" type=\"text\" name=\"form_fields[name]\" id=\"form-field-name\" class=\"elementor-field elementor-size-md  elementor-field-textual\" placeholder=\"Nombre\" required=\"required\">\n\t\t\t\t\t\t\t\t\t\t\t<\/div>\n\t\t\t\t\t\t\t\t<div class=\"elementor-field-type-email elementor-field-group elementor-column elementor-field-group-email elementor-col-50 elementor-field-required elementor-mark-required\">\n\t\t\t\t\t\t\t\t\t\t\t\t<label for=\"form-field-email\" class=\"elementor-field-label\">\n\t\t\t\t\t\t\t\tCorreo electr\u00f3nico\t\t\t\t\t\t\t<\/label>\n\t\t\t\t\t\t\t\t\t\t\t\t\t\t<input size=\"1\" type=\"email\" name=\"form_fields[email]\" id=\"form-field-email\" class=\"elementor-field elementor-size-md  elementor-field-textual\" placeholder=\"Correo electr\u00f3nico\" required=\"required\">\n\t\t\t\t\t\t\t\t\t\t\t<\/div>\n\t\t\t\t\t\t\t\t<div class=\"elementor-field-type-textarea elementor-field-group elementor-column elementor-field-group-message elementor-col-100 elementor-field-required elementor-mark-required\">\n\t\t\t\t\t\t\t\t\t\t\t\t<label for=\"form-field-message\" class=\"elementor-field-label\">\n\t\t\t\t\t\t\t\tMensaje\t\t\t\t\t\t\t<\/label>\n\t\t\t\t\t\t<textarea class=\"elementor-field-textual elementor-field  elementor-size-md\" name=\"form_fields[message]\" id=\"form-field-message\" rows=\"4\" placeholder=\"Mensaje\" required=\"required\"><\/textarea>\t\t\t\t<\/div>\n\t\t\t\t\t\t\t\t<div class=\"elementor-field-type-text\">\n\t\t\t\t\t<input size=\"1\" type=\"text\" name=\"form_fields[field_2890d80]\" id=\"form-field-field_2890d80\" class=\"elementor-field elementor-size-md \" style=\"display:none !important;\">\t\t\t\t<\/div>\n\t\t\t\t\t\t\t\t<div class=\"elementor-field-type-acceptance elementor-field-group elementor-column elementor-field-group-field_e0a8ac7 elementor-col-100 elementor-field-required elementor-mark-required\">\n\t\t\t\t\t\t\t<div class=\"elementor-field-subgroup\">\n\t\t\t<span class=\"elementor-field-option\">\n\t\t\t\t<input type=\"checkbox\" name=\"form_fields[field_e0a8ac7]\" id=\"form-field-field_e0a8ac7\" class=\"elementor-field elementor-size-md  elementor-acceptance-field\" required=\"required\">\n\t\t\t\t<label for=\"form-field-field_e0a8ac7\">He le\u00eddo y acepto los t\u00e9rminos y condiciones de <a href=https:\/\/www.notariadeblaslluna.es\/politica-de-privacidad\/ target='_blank'><em> protecci\u00f3n de datos y pol\u00edtica de privacidad.<\/em><\/a><\/label>\t\t\t<\/span>\n\t\t<\/div>\n\t\t\t\t\t\t<\/div>\n\t\t\t\t\t\t\t\t<div class=\"elementor-field-type-acceptance elementor-field-group elementor-column elementor-field-group-field_ecaf849 elementor-col-100\">\n\t\t\t\t\t\t\t<div class=\"elementor-field-subgroup\">\n\t\t\t<span class=\"elementor-field-option\">\n\t\t\t\t<input type=\"checkbox\" name=\"form_fields[field_ecaf849]\" id=\"form-field-field_ecaf849\" class=\"elementor-field elementor-size-md  elementor-acceptance-field\">\n\t\t\t\t<label for=\"form-field-field_ecaf849\">Autorizo al tratamiento de mis datos para poder recibir informaci\u00f3n por medios electr\u00f3nicos.<\/label>\t\t\t<\/span>\n\t\t<\/div>\n\t\t\t\t\t\t<\/div>\n\t\t\t\t\t\t\t\t<div class=\"elementor-field-group elementor-column elementor-field-type-submit elementor-col-100 e-form__buttons\">\n\t\t\t\t\t<button class=\"elementor-button elementor-size-xs elementor-animation-grow\" type=\"submit\">\n\t\t\t\t\t\t<span class=\"elementor-button-content-wrapper\">\n\t\t\t\t\t\t\t\t\t\t\t\t\t\t\t\t\t\t\t\t\t\t<span class=\"elementor-button-text\">ENVIAR<\/span>\n\t\t\t\t\t\t\t\t\t\t\t\t\t<\/span>\n\t\t\t\t\t<\/button>\n\t\t\t\t<\/div>\n\t\t\t<\/div>\n\t\t<\/form>\n\t\t\t\t\t\t<\/div>\n\t\t\t\t<div class=\"elementor-element elementor-element-2185f71 elementor-widget elementor-widget-toggle\" data-id=\"2185f71\" data-element_type=\"widget\" data-e-type=\"widget\" data-widget_type=\"toggle.default\">\n\t\t\t\t\t\t\t<div class=\"elementor-toggle\">\n\t\t\t\t\t\t\t<div class=\"elementor-toggle-item\">\n\t\t\t\t\t<div id=\"elementor-tab-title-3511\" class=\"elementor-tab-title\" data-tab=\"1\" role=\"button\" aria-controls=\"elementor-tab-content-3511\" aria-expanded=\"false\">\n\t\t\t\t\t\t\t\t\t\t\t\t<span class=\"elementor-toggle-icon elementor-toggle-icon-left\" aria-hidden=\"true\">\n\t\t\t\t\t\t\t\t\t\t\t\t\t\t\t<span class=\"elementor-toggle-icon-closed\"><svg class=\"e-font-icon-svg e-fas-chevron-right\" viewBox=\"0 0 320 512\" xmlns=\"http:\/\/www.w3.org\/2000\/svg\"><path d=\"M285.476 272.971L91.132 467.314c-9.373 9.373-24.569 9.373-33.941 0l-22.667-22.667c-9.357-9.357-9.375-24.522-.04-33.901L188.505 256 34.484 101.255c-9.335-9.379-9.317-24.544.04-33.901l22.667-22.667c9.373-9.373 24.569-9.373 33.941 0L285.475 239.03c9.373 9.372 9.373 24.568.001 33.941z\"><\/path><\/svg><\/span>\n\t\t\t\t\t\t\t\t<span class=\"elementor-toggle-icon-opened\"><svg class=\"elementor-toggle-icon-opened e-font-icon-svg e-fas-chevron-down\" viewBox=\"0 0 448 512\" xmlns=\"http:\/\/www.w3.org\/2000\/svg\"><path d=\"M207.029 381.476L12.686 187.132c-9.373-9.373-9.373-24.569 0-33.941l22.667-22.667c9.357-9.357 24.522-9.375 33.901-.04L224 284.505l154.745-154.021c9.379-9.335 24.544-9.317 33.901.04l22.667 22.667c9.373 9.373 9.373 24.569 0 33.941L240.971 381.476c-9.373 9.372-24.569 9.372-33.942 0z\"><\/path><\/svg><\/span>\n\t\t\t\t\t\t\t\t\t\t\t\t\t<\/span>\n\t\t\t\t\t\t\t\t\t\t\t\t<a class=\"elementor-toggle-title\" tabindex=\"0\">Informaci\u00f3n b\u00e1sica sobre el tratamiento de datos - Reglamento (UE) 2016\/679<\/a>\n\t\t\t\t\t<\/div>\n\n\t\t\t\t\t<div id=\"elementor-tab-content-3511\" class=\"elementor-tab-content elementor-clearfix\" data-tab=\"1\" role=\"region\" aria-labelledby=\"elementor-tab-title-3511\"><p><b>Notar\u00eda De Blas &amp; Lluna<\/b> informa que los datos de car\u00e1cter personal que nos proporcione rellenando este formulario ser\u00e1n tratados por nuestra empresa como responsable \u00faltima de esta web | La finalidad de la recogida y tratamiento de los datos personales que le solicitamos es enviarte nuestras publicaciones, promociones de productos y\/o servicios y recursos exclusivos | Al marcar la casilla de aceptaci\u00f3n, est\u00e1 dando su leg\u00edtimo consentimiento para que tus datos sean tratados conforme a las finalidades de este formulario descritas en la <a href=\"https:\/\/www.notariadeblaslluna.es\/politica-de-privacidad\/\" target=\"_blank\" rel=\"noopener\"><b>pol\u00edtica de privacidad<\/b><\/a> | Como usuario e interesado le informamos que los datos que no facilita estar\u00e1n ubicados en los servidores de <b>Estudi 33<\/b> (administrador del servidor de alojamiento web), garantizando la empresa unos niveles de seguridad adecuados (<a href=\"https:\/\/www.estudi33.net\/politica-de-privacitat\/\" target=\"_blank\" rel=\"noopener\"><strong>ver<\/strong> <b>pol\u00edtica de privacidad de Estudi 33<\/b><\/a>) | Podr\u00e1 ejercer sus derechos de acceso, rectificaci\u00f3n, limitaci\u00f3n y suprimir los datos en <a href=\"mailto:notaria@notariadeblaslluna.com\"><b>notaria@notariadeblaslluna.com<\/b><\/a>. Puede consultar la informaci\u00f3n adicional y detallada sobre Protecci\u00f3n de Datos en nuestra <a href=\"https:\/\/www.notariadeblaslluna.es\/politica-de-privacidad\/\" target=\"_blank\" rel=\"noopener\"><b>pol\u00edtica de privacidad<\/b><\/a>.<\/p><\/div>\n\t\t\t\t<\/div>\n\t\t\t\t\t\t\t\t<\/div>\n\t\t\t\t\t\t<\/div>\n\t\t\t\t\t<\/div>\n\t\t<\/div>\n\t\t\t\t\t<\/div>\n\t\t<\/section>\n\t\t\t\t<\/div>\n\t\t","protected":false},"excerpt":{"rendered":"<p>En Notar\u00eda de Blas &amp; Lluna ponemos a tu disposici\u00f3n el servicio de Videofirma, una soluci\u00f3n \u00e1gil y segura que te permite realizar determinados tr\u00e1mites notariales a distancia, sin necesidad de desplazarte. Gracias a la videoconferencia notarial, podr\u00e1s: Identificarte de forma telem\u00e1tica con total garant\u00eda legal. Revisar y firmar documentos ante notario desde cualquier lugar.<br \/><a class=\"moretag\" href=\"https:\/\/www.notariadeblaslluna.es\/ca\/videofirma-notarial\/\">+ Read More<\/a><\/p>","protected":false},"author":1,"featured_media":6699,"parent":0,"menu_order":0,"comment_status":"closed","ping_status":"closed","template":"templates\/page-fullwidth_template.php","meta":{"footnotes":""},"class_list":["post-6688","page","type-page","status-publish","has-post-thumbnail","hentry"],"yoast_head":"<!-- This site is optimized with the Yoast SEO Premium plugin v27.2 (Yoast SEO v27.4) - https:\/\/yoast.com\/product\/yoast-seo-premium-wordpress\/ -->\n<title>Videofirma Notarial - Notar\u00eda de Blas &amp; Lluna<\/title>\n<meta name=\"description\" content=\"En Notar\u00eda de Blas &amp; Lluna ponemos a tu disposici\u00f3n la Videofirma, que permite realizar tr\u00e1mites notariales sin necesidad de desplazarte.\" \/>\n<meta name=\"robots\" content=\"index, follow, max-snippet:-1, max-image-preview:large, max-video-preview:-1\" \/>\n<link rel=\"canonical\" href=\"https:\/\/www.notariadeblaslluna.es\/ca\/videofirma-notarial\/\" \/>\n<meta property=\"og:locale\" content=\"ca_ES\" \/>\n<meta property=\"og:type\" content=\"article\" \/>\n<meta property=\"og:title\" content=\"Videofirma Notarial\" \/>\n<meta property=\"og:description\" content=\"En Notar\u00eda de Blas &amp; Lluna ponemos a tu disposici\u00f3n la Videofirma, que permite realizar tr\u00e1mites notariales sin necesidad de desplazarte.\" \/>\n<meta property=\"og:url\" content=\"https:\/\/www.notariadeblaslluna.es\/ca\/videofirma-notarial\/\" \/>\n<meta property=\"og:site_name\" content=\"Notar\u00eda de Blas &amp; Lluna\" \/>\n<meta property=\"article:publisher\" content=\"https:\/\/www.facebook.com\/notariadeblas\/\" \/>\n<meta property=\"article:modified_time\" content=\"2025-10-28T10:26:28+00:00\" \/>\n<meta property=\"og:image\" content=\"https:\/\/www.notariadeblaslluna.es\/wp-content\/uploads\/2025\/10\/Notaria-De-Blas-Lluna-Videofirma-notarial.jpg\" \/>\n\t<meta property=\"og:image:width\" content=\"1400\" \/>\n\t<meta property=\"og:image:height\" content=\"320\" \/>\n\t<meta property=\"og:image:type\" content=\"image\/jpeg\" \/>\n<meta name=\"twitter:card\" content=\"summary_large_image\" \/>\n<meta name=\"twitter:label1\" content=\"Temps estimat de lectura\" \/>\n\t<meta name=\"twitter:data1\" content=\"2 minuts\" \/>\n<script type=\"application\/ld+json\" class=\"yoast-schema-graph\">{\"@context\":\"https:\\\/\\\/schema.org\",\"@graph\":[{\"@type\":\"WebPage\",\"@id\":\"https:\\\/\\\/www.notariadeblaslluna.es\\\/videofirma-notarial\\\/\",\"url\":\"https:\\\/\\\/www.notariadeblaslluna.es\\\/videofirma-notarial\\\/\",\"name\":\"Videofirma Notarial - Notar\u00eda de Blas &amp; Lluna\",\"isPartOf\":{\"@id\":\"https:\\\/\\\/www.notariadeblaslluna.es\\\/#website\"},\"primaryImageOfPage\":{\"@id\":\"https:\\\/\\\/www.notariadeblaslluna.es\\\/videofirma-notarial\\\/#primaryimage\"},\"image\":{\"@id\":\"https:\\\/\\\/www.notariadeblaslluna.es\\\/videofirma-notarial\\\/#primaryimage\"},\"thumbnailUrl\":\"https:\\\/\\\/www.notariadeblaslluna.es\\\/wp-content\\\/uploads\\\/2025\\\/10\\\/Notaria-De-Blas-Lluna-Videofirma-notarial.jpg\",\"datePublished\":\"2025-10-14T15:14:20+00:00\",\"dateModified\":\"2025-10-28T10:26:28+00:00\",\"description\":\"En Notar\u00eda de Blas & Lluna ponemos a tu disposici\u00f3n la Videofirma, que permite realizar tr\u00e1mites notariales sin necesidad de desplazarte.\",\"breadcrumb\":{\"@id\":\"https:\\\/\\\/www.notariadeblaslluna.es\\\/videofirma-notarial\\\/#breadcrumb\"},\"inLanguage\":\"ca\",\"potentialAction\":[{\"@type\":\"ReadAction\",\"target\":[\"https:\\\/\\\/www.notariadeblaslluna.es\\\/videofirma-notarial\\\/\"]}]},{\"@type\":\"ImageObject\",\"inLanguage\":\"ca\",\"@id\":\"https:\\\/\\\/www.notariadeblaslluna.es\\\/videofirma-notarial\\\/#primaryimage\",\"url\":\"https:\\\/\\\/www.notariadeblaslluna.es\\\/wp-content\\\/uploads\\\/2025\\\/10\\\/Notaria-De-Blas-Lluna-Videofirma-notarial.jpg\",\"contentUrl\":\"https:\\\/\\\/www.notariadeblaslluna.es\\\/wp-content\\\/uploads\\\/2025\\\/10\\\/Notaria-De-Blas-Lluna-Videofirma-notarial.jpg\",\"width\":1400,\"height\":320,\"caption\":\"Notaria De Blas & Lluna - Videofirma notarial\"},{\"@type\":\"BreadcrumbList\",\"@id\":\"https:\\\/\\\/www.notariadeblaslluna.es\\\/videofirma-notarial\\\/#breadcrumb\",\"itemListElement\":[{\"@type\":\"ListItem\",\"position\":1,\"name\":\"Home\",\"item\":\"https:\\\/\\\/www.notariadeblaslluna.es\\\/\"},{\"@type\":\"ListItem\",\"position\":2,\"name\":\"Videofirma Notarial\"}]},{\"@type\":\"WebSite\",\"@id\":\"https:\\\/\\\/www.notariadeblaslluna.es\\\/#website\",\"url\":\"https:\\\/\\\/www.notariadeblaslluna.es\\\/\",\"name\":\"Notaria de Blas & Lluna\",\"description\":\"Notar\u00eda de Blas &amp; Lluna. Passeig de Gr\u00e0cia, 39 | Barcelona\",\"publisher\":{\"@id\":\"https:\\\/\\\/www.notariadeblaslluna.es\\\/#organization\"},\"potentialAction\":[{\"@type\":\"SearchAction\",\"target\":{\"@type\":\"EntryPoint\",\"urlTemplate\":\"https:\\\/\\\/www.notariadeblaslluna.es\\\/?s={search_term_string}\"},\"query-input\":{\"@type\":\"PropertyValueSpecification\",\"valueRequired\":true,\"valueName\":\"search_term_string\"}}],\"inLanguage\":\"ca\"},{\"@type\":\"Organization\",\"@id\":\"https:\\\/\\\/www.notariadeblaslluna.es\\\/#organization\",\"name\":\"Notar\u00eda De Blas & Lluna\",\"url\":\"https:\\\/\\\/www.notariadeblaslluna.es\\\/\",\"logo\":{\"@type\":\"ImageObject\",\"inLanguage\":\"ca\",\"@id\":\"https:\\\/\\\/www.notariadeblaslluna.es\\\/#\\\/schema\\\/logo\\\/image\\\/\",\"url\":\"https:\\\/\\\/www.notariadeblaslluna.es\\\/wp-content\\\/uploads\\\/2024\\\/03\\\/Notaria-De-Blas-Lluna-Logo.png\",\"contentUrl\":\"https:\\\/\\\/www.notariadeblaslluna.es\\\/wp-content\\\/uploads\\\/2024\\\/03\\\/Notaria-De-Blas-Lluna-Logo.png\",\"width\":300,\"height\":70,\"caption\":\"Notar\u00eda De Blas & Lluna\"},\"image\":{\"@id\":\"https:\\\/\\\/www.notariadeblaslluna.es\\\/#\\\/schema\\\/logo\\\/image\\\/\"},\"sameAs\":[\"https:\\\/\\\/www.facebook.com\\\/notariadeblas\\\/\",\"https:\\\/\\\/www.linkedin.com\\\/company\\\/79662096\\\/admin\\\/\"]}]}<\/script>\n<!-- \/ Yoast SEO Premium plugin. -->","yoast_head_json":{"title":"Videofirma Notarial - Notar\u00eda de Blas &amp; Lluna","description":"En Notar\u00eda de Blas & Lluna ponemos a tu disposici\u00f3n la Videofirma, que permite realizar tr\u00e1mites notariales sin necesidad de desplazarte.","robots":{"index":"index","follow":"follow","max-snippet":"max-snippet:-1","max-image-preview":"max-image-preview:large","max-video-preview":"max-video-preview:-1"},"canonical":"https:\/\/www.notariadeblaslluna.es\/ca\/videofirma-notarial\/","og_locale":"ca_ES","og_type":"article","og_title":"Videofirma Notarial","og_description":"En Notar\u00eda de Blas & Lluna ponemos a tu disposici\u00f3n la Videofirma, que permite realizar tr\u00e1mites notariales sin necesidad de desplazarte.","og_url":"https:\/\/www.notariadeblaslluna.es\/ca\/videofirma-notarial\/","og_site_name":"Notar\u00eda de Blas &amp; Lluna","article_publisher":"https:\/\/www.facebook.com\/notariadeblas\/","article_modified_time":"2025-10-28T10:26:28+00:00","og_image":[{"width":1400,"height":320,"url":"https:\/\/www.notariadeblaslluna.es\/wp-content\/uploads\/2025\/10\/Notaria-De-Blas-Lluna-Videofirma-notarial.jpg","type":"image\/jpeg"}],"twitter_card":"summary_large_image","twitter_misc":{"Temps estimat de lectura":"2 minuts"},"schema":{"@context":"https:\/\/schema.org","@graph":[{"@type":"WebPage","@id":"https:\/\/www.notariadeblaslluna.es\/videofirma-notarial\/","url":"https:\/\/www.notariadeblaslluna.es\/videofirma-notarial\/","name":"Videofirma Notarial - Notar\u00eda de Blas &amp; Lluna","isPartOf":{"@id":"https:\/\/www.notariadeblaslluna.es\/#website"},"primaryImageOfPage":{"@id":"https:\/\/www.notariadeblaslluna.es\/videofirma-notarial\/#primaryimage"},"image":{"@id":"https:\/\/www.notariadeblaslluna.es\/videofirma-notarial\/#primaryimage"},"thumbnailUrl":"https:\/\/www.notariadeblaslluna.es\/wp-content\/uploads\/2025\/10\/Notaria-De-Blas-Lluna-Videofirma-notarial.jpg","datePublished":"2025-10-14T15:14:20+00:00","dateModified":"2025-10-28T10:26:28+00:00","description":"En Notar\u00eda de Blas & Lluna ponemos a tu disposici\u00f3n la Videofirma, que permite realizar tr\u00e1mites notariales sin necesidad de desplazarte.","breadcrumb":{"@id":"https:\/\/www.notariadeblaslluna.es\/videofirma-notarial\/#breadcrumb"},"inLanguage":"ca","potentialAction":[{"@type":"ReadAction","target":["https:\/\/www.notariadeblaslluna.es\/videofirma-notarial\/"]}]},{"@type":"ImageObject","inLanguage":"ca","@id":"https:\/\/www.notariadeblaslluna.es\/videofirma-notarial\/#primaryimage","url":"https:\/\/www.notariadeblaslluna.es\/wp-content\/uploads\/2025\/10\/Notaria-De-Blas-Lluna-Videofirma-notarial.jpg","contentUrl":"https:\/\/www.notariadeblaslluna.es\/wp-content\/uploads\/2025\/10\/Notaria-De-Blas-Lluna-Videofirma-notarial.jpg","width":1400,"height":320,"caption":"Notaria De Blas & Lluna - Videofirma notarial"},{"@type":"BreadcrumbList","@id":"https:\/\/www.notariadeblaslluna.es\/videofirma-notarial\/#breadcrumb","itemListElement":[{"@type":"ListItem","position":1,"name":"Home","item":"https:\/\/www.notariadeblaslluna.es\/"},{"@type":"ListItem","position":2,"name":"Videofirma Notarial"}]},{"@type":"WebSite","@id":"https:\/\/www.notariadeblaslluna.es\/#website","url":"https:\/\/www.notariadeblaslluna.es\/","name":"Notaria de Blas & Lluna","description":"Notar\u00eda de Blas &amp; Lluna. Passeig de Gr\u00e0cia, 39 | Barcelona","publisher":{"@id":"https:\/\/www.notariadeblaslluna.es\/#organization"},"potentialAction":[{"@type":"SearchAction","target":{"@type":"EntryPoint","urlTemplate":"https:\/\/www.notariadeblaslluna.es\/?s={search_term_string}"},"query-input":{"@type":"PropertyValueSpecification","valueRequired":true,"valueName":"search_term_string"}}],"inLanguage":"ca"},{"@type":"Organization","@id":"https:\/\/www.notariadeblaslluna.es\/#organization","name":"Notaria De Blas &amp; Lluna","url":"https:\/\/www.notariadeblaslluna.es\/","logo":{"@type":"ImageObject","inLanguage":"ca","@id":"https:\/\/www.notariadeblaslluna.es\/#\/schema\/logo\/image\/","url":"https:\/\/www.notariadeblaslluna.es\/wp-content\/uploads\/2024\/03\/Notaria-De-Blas-Lluna-Logo.png","contentUrl":"https:\/\/www.notariadeblaslluna.es\/wp-content\/uploads\/2024\/03\/Notaria-De-Blas-Lluna-Logo.png","width":300,"height":70,"caption":"Notar\u00eda De Blas & Lluna"},"image":{"@id":"https:\/\/www.notariadeblaslluna.es\/#\/schema\/logo\/image\/"},"sameAs":["https:\/\/www.facebook.com\/notariadeblas\/","https:\/\/www.linkedin.com\/company\/79662096\/admin\/"]}]}},"_links":{"self":[{"href":"https:\/\/www.notariadeblaslluna.es\/ca\/wp-json\/wp\/v2\/pages\/6688","targetHints":{"allow":["GET"]}}],"collection":[{"href":"https:\/\/www.notariadeblaslluna.es\/ca\/wp-json\/wp\/v2\/pages"}],"about":[{"href":"https:\/\/www.notariadeblaslluna.es\/ca\/wp-json\/wp\/v2\/types\/page"}],"author":[{"embeddable":true,"href":"https:\/\/www.notariadeblaslluna.es\/ca\/wp-json\/wp\/v2\/users\/1"}],"replies":[{"embeddable":true,"href":"https:\/\/www.notariadeblaslluna.es\/ca\/wp-json\/wp\/v2\/comments?post=6688"}],"version-history":[{"count":6,"href":"https:\/\/www.notariadeblaslluna.es\/ca\/wp-json\/wp\/v2\/pages\/6688\/revisions"}],"predecessor-version":[{"id":6711,"href":"https:\/\/www.notariadeblaslluna.es\/ca\/wp-json\/wp\/v2\/pages\/6688\/revisions\/6711"}],"wp:featuredmedia":[{"embeddable":true,"href":"https:\/\/www.notariadeblaslluna.es\/ca\/wp-json\/wp\/v2\/media\/6699"}],"wp:attachment":[{"href":"https:\/\/www.notariadeblaslluna.es\/ca\/wp-json\/wp\/v2\/media?parent=6688"}],"curies":[{"name":"wp","href":"https:\/\/api.w.org\/{rel}","templated":true}]}}