{"id":3648,"date":"2020-03-26T17:06:07","date_gmt":"2020-03-26T16:06:07","guid":{"rendered":"https:\/\/www.notariadeblaslluna.es\/?page_id=3648"},"modified":"2025-09-08T21:26:00","modified_gmt":"2025-09-08T19:26:00","slug":"aviso-legal","status":"publish","type":"page","link":"https:\/\/www.notariadeblaslluna.es\/ca\/aviso-legal\/","title":{"rendered":"Av\u00eds legal"},"content":{"rendered":"<h4>Informaci\u00f3 d'acord amb l'article 10 de la LSSI<\/h4>\n<h3>El titular d'aquesta web \u00e9s:<\/h3>\n<p>Identitat: <strong>De Blas i Lluna Notaris associats, Societat Civil Privada<\/strong>.<br \/>\nNIF: <strong>J56744873<\/strong><br \/>\nAdre\u00e7a: <strong>Passeig de Gr\u00e0cia, 39 Principal | 08007 Barcelona.<br \/>\n<\/strong>Tel\u00e8fon: <strong>93 215 37 83<br \/>\n<\/strong>Coreo electr\u00f3nico<strong>:<\/strong> <a href=\"mailto:notaria@notariadeblaslluna.com\"><strong>notaria@notariadeblaslluna.com<\/strong><\/a><\/p>\n<h3>Condicions d'\u00fas<\/h3>\n<p style=\"text-align: justify;\">L'\u00fas d'aquesta web implica l'acceptaci\u00f3 plena dels termes i les condicions del present av\u00eds legal. Els possibles conflictes relatius a aquest lloc web es regiran exclusivament pel dret de l'Estat espanyol. Tota persona usu\u00e0ria de la web, independentment de la jurisdicci\u00f3 territorial des de la qual es produeixi el seu acc\u00e9s, accepta el compliment i respecte d'aquestes cl\u00e0usules amb ren\u00fancia expressa a qualsevol altre fur que li pogu\u00e9s correspondre.<\/p>\n<h3>Propietat intel\u00b7lectual i industrial<\/h3>\n<p style=\"text-align: justify;\">La totalitat del contingut d'aquest lloc web, ja siguin textos, imatges, sons, marques, logotips o altres elements, aix\u00ed com subestructura, disseny, combinacions de colors o forma de presentaci\u00f3 dels materials estan protegits per drets de propietat industrial i intel\u00b7lectual que l'usuari d'aquest lloc web ha de respectar. No \u00e9s l\u00edcita la seva transformaci\u00f3 o alteraci\u00f3, comunicaci\u00f3 p\u00fablica o qualsevol altra forma d'explotaci\u00f3 per qualsevol procediment sense l'autoritzaci\u00f3 expressa de <strong>De Blas i Lluna Notaris associats, Societat Civil Privada<\/strong>.<\/p>\n<h3>Responsabilitat sobre els continguts<\/h3>\n<p style=\"text-align: justify;\" class=\"translation-block\">Encara que <strong>De Blas y Lluna Notarios asociados, Sociedad Civil Privada<\/strong> actua amb la m\u00e0xima dilig\u00e8ncia possible, es pot donar el cas que alguna dada o informaci\u00f3 no estigui del tot actualitzada en el moment que l'usuari del lloc web el consulti. Per aix\u00f2, les informacions que es presenten en aquesta web tenen una funci\u00f3 orientativa i no obliguen a <strong>De Blas y Lluna Notarios asociados, Sociedad Civil Privada<\/strong>.<\/p>\n<p style=\"text-align: justify;\" class=\"translation-block\"><strong>De Blas y Lluna Notarios asociados, Sociedad Civil Privada<\/strong> no ser\u00e0 responsable de la informaci\u00f3 que es pugui obtenir a trav\u00e9s d'enlla\u00e7os inclosos en la seva web.<\/p>\n<p style=\"text-align: justify;\"><strong>De Blas i Lluna Notaris associats, Societat Civil Privada<\/strong>\u00a0es reserva la facultat de realitzar, en qualsevol moment i sense necessitat de preav\u00eds, modificacions o actualitzacions de la informaci\u00f3 i de qualsevol dels elements que integrin el disseny i configuraci\u00f3 de la p\u00e0gina web.<\/p>\n<h3>Llei aplicable i jurisdicci\u00f3<\/h3>\n<p style=\"text-align: justify;\">L'\u00fas d'aquest lloc web implica l'acceptaci\u00f3 plena dels termes i condicions en el present av\u00eds legal. Els possibles conflictes relatius a aquest web es regiran exclusivament per la legislaci\u00f3 espanyola, sent competents els Jutjats i Tribunals espanyols per a con\u00e8ixer qualsevol q\u00fcesti\u00f3 que es susciti sobre ella. L'usuari, en virtut de la seva acceptaci\u00f3 ren\u00fancia expressament a qualsevol fur que per aplicaci\u00f3 de la Llei d'Enjudiciament Civil vigent li pogu\u00e9s correspondre.<\/p>","protected":false},"excerpt":{"rendered":"<p>Informaci\u00f3n de conformidad con el art\u00edculo 10 de la LSSI El titular de esta web es: Identidad: De Blas y Lluna Notarios asociados, Sociedad Civil Privada. NIF: J56744873 Direcci\u00f3n: Passeig de Gr\u00e0cia, 39 Principal | 08007 Barcelona. Tel\u00e9fono: 93 215 37 83 Coreo electr\u00f3nico: notaria@notariadeblaslluna.com Condiciones de uso El uso de esta web implica la<br \/><a class=\"moretag\" href=\"https:\/\/www.notariadeblaslluna.es\/ca\/aviso-legal\/\">+ Read More<\/a><\/p>","protected":false},"author":1,"featured_media":4273,"parent":0,"menu_order":0,"comment_status":"closed","ping_status":"closed","template":"templates\/page-fullwidth_template.php","meta":{"footnotes":""},"class_list":["post-3648","page","type-page","status-publish","has-post-thumbnail","hentry"],"yoast_head":"<!-- This site is optimized with the Yoast SEO Premium plugin v27.2 (Yoast SEO v27.4) - https:\/\/yoast.com\/product\/yoast-seo-premium-wordpress\/ -->\n<title>Aviso legal - Notar\u00eda de Blas &amp; Lluna<\/title>\n<meta name=\"description\" content=\"El uso de esta web implica la aceptaci\u00f3n del aviso legal. Los conflictos se regir\u00e1n exclusivamente por el derecho del Estado espa\u00f1ol.\" \/>\n<meta name=\"robots\" content=\"index, follow, max-snippet:-1, max-image-preview:large, max-video-preview:-1\" \/>\n<link rel=\"canonical\" href=\"https:\/\/www.notariadeblaslluna.es\/ca\/aviso-legal\/\" \/>\n<meta property=\"og:locale\" content=\"ca_ES\" \/>\n<meta property=\"og:type\" content=\"article\" \/>\n<meta property=\"og:title\" content=\"Aviso legal\" \/>\n<meta property=\"og:description\" content=\"El uso de esta web implica la aceptaci\u00f3n del aviso legal. Los conflictos se regir\u00e1n exclusivamente por el derecho del Estado espa\u00f1ol.\" \/>\n<meta property=\"og:url\" content=\"https:\/\/www.notariadeblaslluna.es\/ca\/aviso-legal\/\" \/>\n<meta property=\"og:site_name\" content=\"Notar\u00eda de Blas &amp; Lluna\" \/>\n<meta property=\"article:publisher\" content=\"https:\/\/www.facebook.com\/notariadeblas\/\" \/>\n<meta property=\"article:modified_time\" content=\"2025-09-08T19:26:00+00:00\" \/>\n<meta property=\"og:image\" content=\"https:\/\/www.notariadeblaslluna.es\/wp-content\/uploads\/2021\/05\/Notaria-De-Blas-Aviso-Legal-y-Politica-de-Privacidad.jpg\" \/>\n\t<meta property=\"og:image:width\" content=\"1400\" \/>\n\t<meta property=\"og:image:height\" content=\"320\" \/>\n\t<meta property=\"og:image:type\" content=\"image\/jpeg\" \/>\n<meta name=\"twitter:card\" content=\"summary_large_image\" \/>\n<meta name=\"twitter:label1\" content=\"Temps estimat de lectura\" \/>\n\t<meta name=\"twitter:data1\" content=\"3 minuts\" \/>\n<script type=\"application\/ld+json\" class=\"yoast-schema-graph\">{\"@context\":\"https:\\\/\\\/schema.org\",\"@graph\":[{\"@type\":\"WebPage\",\"@id\":\"https:\\\/\\\/www.notariadeblaslluna.es\\\/aviso-legal\\\/\",\"url\":\"https:\\\/\\\/www.notariadeblaslluna.es\\\/aviso-legal\\\/\",\"name\":\"Aviso legal - Notar\u00eda de Blas &amp; Lluna\",\"isPartOf\":{\"@id\":\"https:\\\/\\\/www.notariadeblaslluna.es\\\/#website\"},\"primaryImageOfPage\":{\"@id\":\"https:\\\/\\\/www.notariadeblaslluna.es\\\/aviso-legal\\\/#primaryimage\"},\"image\":{\"@id\":\"https:\\\/\\\/www.notariadeblaslluna.es\\\/aviso-legal\\\/#primaryimage\"},\"thumbnailUrl\":\"https:\\\/\\\/www.notariadeblaslluna.es\\\/wp-content\\\/uploads\\\/2021\\\/05\\\/Notaria-De-Blas-Aviso-Legal-y-Politica-de-Privacidad.jpg\",\"datePublished\":\"2020-03-26T16:06:07+00:00\",\"dateModified\":\"2025-09-08T19:26:00+00:00\",\"description\":\"El uso de esta web implica la aceptaci\u00f3n del aviso legal. Los conflictos se regir\u00e1n exclusivamente por el derecho del Estado espa\u00f1ol.\",\"breadcrumb\":{\"@id\":\"https:\\\/\\\/www.notariadeblaslluna.es\\\/aviso-legal\\\/#breadcrumb\"},\"inLanguage\":\"ca\",\"potentialAction\":[{\"@type\":\"ReadAction\",\"target\":[\"https:\\\/\\\/www.notariadeblaslluna.es\\\/aviso-legal\\\/\"]}]},{\"@type\":\"ImageObject\",\"inLanguage\":\"ca\",\"@id\":\"https:\\\/\\\/www.notariadeblaslluna.es\\\/aviso-legal\\\/#primaryimage\",\"url\":\"https:\\\/\\\/www.notariadeblaslluna.es\\\/wp-content\\\/uploads\\\/2021\\\/05\\\/Notaria-De-Blas-Aviso-Legal-y-Politica-de-Privacidad.jpg\",\"contentUrl\":\"https:\\\/\\\/www.notariadeblaslluna.es\\\/wp-content\\\/uploads\\\/2021\\\/05\\\/Notaria-De-Blas-Aviso-Legal-y-Politica-de-Privacidad.jpg\",\"width\":1400,\"height\":320,\"caption\":\"Notar\u00eda De Blas - Aviso Legal y Pol\u00edtica de Privacidad\"},{\"@type\":\"BreadcrumbList\",\"@id\":\"https:\\\/\\\/www.notariadeblaslluna.es\\\/aviso-legal\\\/#breadcrumb\",\"itemListElement\":[{\"@type\":\"ListItem\",\"position\":1,\"name\":\"Home\",\"item\":\"https:\\\/\\\/www.notariadeblaslluna.es\\\/\"},{\"@type\":\"ListItem\",\"position\":2,\"name\":\"Aviso legal\"}]},{\"@type\":\"WebSite\",\"@id\":\"https:\\\/\\\/www.notariadeblaslluna.es\\\/#website\",\"url\":\"https:\\\/\\\/www.notariadeblaslluna.es\\\/\",\"name\":\"Notaria de Blas & Lluna\",\"description\":\"Notar\u00eda de Blas &amp; Lluna. Passeig de Gr\u00e0cia, 39 | Barcelona\",\"publisher\":{\"@id\":\"https:\\\/\\\/www.notariadeblaslluna.es\\\/#organization\"},\"potentialAction\":[{\"@type\":\"SearchAction\",\"target\":{\"@type\":\"EntryPoint\",\"urlTemplate\":\"https:\\\/\\\/www.notariadeblaslluna.es\\\/?s={search_term_string}\"},\"query-input\":{\"@type\":\"PropertyValueSpecification\",\"valueRequired\":true,\"valueName\":\"search_term_string\"}}],\"inLanguage\":\"ca\"},{\"@type\":\"Organization\",\"@id\":\"https:\\\/\\\/www.notariadeblaslluna.es\\\/#organization\",\"name\":\"Notar\u00eda De Blas & Lluna\",\"url\":\"https:\\\/\\\/www.notariadeblaslluna.es\\\/\",\"logo\":{\"@type\":\"ImageObject\",\"inLanguage\":\"ca\",\"@id\":\"https:\\\/\\\/www.notariadeblaslluna.es\\\/#\\\/schema\\\/logo\\\/image\\\/\",\"url\":\"https:\\\/\\\/www.notariadeblaslluna.es\\\/wp-content\\\/uploads\\\/2024\\\/03\\\/Notaria-De-Blas-Lluna-Logo.png\",\"contentUrl\":\"https:\\\/\\\/www.notariadeblaslluna.es\\\/wp-content\\\/uploads\\\/2024\\\/03\\\/Notaria-De-Blas-Lluna-Logo.png\",\"width\":300,\"height\":70,\"caption\":\"Notar\u00eda De Blas & Lluna\"},\"image\":{\"@id\":\"https:\\\/\\\/www.notariadeblaslluna.es\\\/#\\\/schema\\\/logo\\\/image\\\/\"},\"sameAs\":[\"https:\\\/\\\/www.facebook.com\\\/notariadeblas\\\/\",\"https:\\\/\\\/www.linkedin.com\\\/company\\\/79662096\\\/admin\\\/\"]}]}<\/script>\n<!-- \/ Yoast SEO Premium plugin. -->","yoast_head_json":{"title":"Aviso legal - Notar\u00eda de Blas &amp; Lluna","description":"L'\u00fas d'aquest web implica l'acceptaci\u00f3 de l'av\u00eds legal. Els conflictes es regeixen exclusivament pel dret de l'Estat espanyol.","robots":{"index":"index","follow":"follow","max-snippet":"max-snippet:-1","max-image-preview":"max-image-preview:large","max-video-preview":"max-video-preview:-1"},"canonical":"https:\/\/www.notariadeblaslluna.es\/ca\/aviso-legal\/","og_locale":"ca_ES","og_type":"article","og_title":"Aviso legal","og_description":"El uso de esta web implica la aceptaci\u00f3n del aviso legal. Los conflictos se regir\u00e1n exclusivamente por el derecho del Estado espa\u00f1ol.","og_url":"https:\/\/www.notariadeblaslluna.es\/ca\/aviso-legal\/","og_site_name":"Notar\u00eda de Blas &amp; Lluna","article_publisher":"https:\/\/www.facebook.com\/notariadeblas\/","article_modified_time":"2025-09-08T19:26:00+00:00","og_image":[{"width":1400,"height":320,"url":"https:\/\/www.notariadeblaslluna.es\/wp-content\/uploads\/2021\/05\/Notaria-De-Blas-Aviso-Legal-y-Politica-de-Privacidad.jpg","type":"image\/jpeg"}],"twitter_card":"summary_large_image","twitter_misc":{"Temps estimat de lectura":"3 minuts"},"schema":{"@context":"https:\/\/schema.org","@graph":[{"@type":"WebPage","@id":"https:\/\/www.notariadeblaslluna.es\/aviso-legal\/","url":"https:\/\/www.notariadeblaslluna.es\/aviso-legal\/","name":"Aviso legal - Notar\u00eda de Blas &amp; Lluna","isPartOf":{"@id":"https:\/\/www.notariadeblaslluna.es\/#website"},"primaryImageOfPage":{"@id":"https:\/\/www.notariadeblaslluna.es\/aviso-legal\/#primaryimage"},"image":{"@id":"https:\/\/www.notariadeblaslluna.es\/aviso-legal\/#primaryimage"},"thumbnailUrl":"https:\/\/www.notariadeblaslluna.es\/wp-content\/uploads\/2021\/05\/Notaria-De-Blas-Aviso-Legal-y-Politica-de-Privacidad.jpg","datePublished":"2020-03-26T16:06:07+00:00","dateModified":"2025-09-08T19:26:00+00:00","description":"L'\u00fas d'aquest web implica l'acceptaci\u00f3 de l'av\u00eds legal. Els conflictes es regeixen exclusivament pel dret de l'Estat espanyol.","breadcrumb":{"@id":"https:\/\/www.notariadeblaslluna.es\/aviso-legal\/#breadcrumb"},"inLanguage":"ca","potentialAction":[{"@type":"ReadAction","target":["https:\/\/www.notariadeblaslluna.es\/aviso-legal\/"]}]},{"@type":"ImageObject","inLanguage":"ca","@id":"https:\/\/www.notariadeblaslluna.es\/aviso-legal\/#primaryimage","url":"https:\/\/www.notariadeblaslluna.es\/wp-content\/uploads\/2021\/05\/Notaria-De-Blas-Aviso-Legal-y-Politica-de-Privacidad.jpg","contentUrl":"https:\/\/www.notariadeblaslluna.es\/wp-content\/uploads\/2021\/05\/Notaria-De-Blas-Aviso-Legal-y-Politica-de-Privacidad.jpg","width":1400,"height":320,"caption":"Notar\u00eda De Blas - Aviso Legal y Pol\u00edtica de Privacidad"},{"@type":"BreadcrumbList","@id":"https:\/\/www.notariadeblaslluna.es\/aviso-legal\/#breadcrumb","itemListElement":[{"@type":"ListItem","position":1,"name":"Home","item":"https:\/\/www.notariadeblaslluna.es\/"},{"@type":"ListItem","position":2,"name":"Aviso legal"}]},{"@type":"WebSite","@id":"https:\/\/www.notariadeblaslluna.es\/#website","url":"https:\/\/www.notariadeblaslluna.es\/","name":"Notaria de Blas & Lluna","description":"Notar\u00eda de Blas &amp; Lluna. Passeig de Gr\u00e0cia, 39 | Barcelona","publisher":{"@id":"https:\/\/www.notariadeblaslluna.es\/#organization"},"potentialAction":[{"@type":"SearchAction","target":{"@type":"EntryPoint","urlTemplate":"https:\/\/www.notariadeblaslluna.es\/?s={search_term_string}"},"query-input":{"@type":"PropertyValueSpecification","valueRequired":true,"valueName":"search_term_string"}}],"inLanguage":"ca"},{"@type":"Organization","@id":"https:\/\/www.notariadeblaslluna.es\/#organization","name":"Notaria De Blas &amp; Lluna","url":"https:\/\/www.notariadeblaslluna.es\/","logo":{"@type":"ImageObject","inLanguage":"ca","@id":"https:\/\/www.notariadeblaslluna.es\/#\/schema\/logo\/image\/","url":"https:\/\/www.notariadeblaslluna.es\/wp-content\/uploads\/2024\/03\/Notaria-De-Blas-Lluna-Logo.png","contentUrl":"https:\/\/www.notariadeblaslluna.es\/wp-content\/uploads\/2024\/03\/Notaria-De-Blas-Lluna-Logo.png","width":300,"height":70,"caption":"Notar\u00eda De Blas & Lluna"},"image":{"@id":"https:\/\/www.notariadeblaslluna.es\/#\/schema\/logo\/image\/"},"sameAs":["https:\/\/www.facebook.com\/notariadeblas\/","https:\/\/www.linkedin.com\/company\/79662096\/admin\/"]}]}},"_links":{"self":[{"href":"https:\/\/www.notariadeblaslluna.es\/ca\/wp-json\/wp\/v2\/pages\/3648","targetHints":{"allow":["GET"]}}],"collection":[{"href":"https:\/\/www.notariadeblaslluna.es\/ca\/wp-json\/wp\/v2\/pages"}],"about":[{"href":"https:\/\/www.notariadeblaslluna.es\/ca\/wp-json\/wp\/v2\/types\/page"}],"author":[{"embeddable":true,"href":"https:\/\/www.notariadeblaslluna.es\/ca\/wp-json\/wp\/v2\/users\/1"}],"replies":[{"embeddable":true,"href":"https:\/\/www.notariadeblaslluna.es\/ca\/wp-json\/wp\/v2\/comments?post=3648"}],"version-history":[{"count":0,"href":"https:\/\/www.notariadeblaslluna.es\/ca\/wp-json\/wp\/v2\/pages\/3648\/revisions"}],"wp:featuredmedia":[{"embeddable":true,"href":"https:\/\/www.notariadeblaslluna.es\/ca\/wp-json\/wp\/v2\/media\/4273"}],"wp:attachment":[{"href":"https:\/\/www.notariadeblaslluna.es\/ca\/wp-json\/wp\/v2\/media?parent=3648"}],"curies":[{"name":"wp","href":"https:\/\/api.w.org\/{rel}","templated":true}]}}