{"id":2874,"date":"2016-07-14T08:13:21","date_gmt":"2016-07-14T06:13:21","guid":{"rendered":"http:\/\/notariadeblas.com\/?page_id=2874"},"modified":"2025-09-08T22:07:23","modified_gmt":"2025-09-08T20:07:23","slug":"bodas-y-divorcios","status":"publish","type":"page","link":"https:\/\/www.notariadeblaslluna.es\/ca\/bodas-y-divorcios\/","title":{"rendered":"Casaments i divorcis"},"content":{"rendered":"<p style=\"text-align: justify;\" class=\"translation-block\">La <strong>Llei de Jurisdicci\u00f3 Volunt\u00e0ria<\/strong> ha donat compet\u00e8ncia als notaris en noces i divorcis.<\/p>\n<p style=\"text-align: justify;\">Quant a la celebraci\u00f3 de matrimonis davant Notari, cal tenir en compte dues dates diferents:<\/p>\n<h4>Fins al 30\/06\/2017<\/h4>\n<ul>\n<li style=\"text-align: justify;\">El notari \u00e9s lliurement triat per tots dos contraents.<\/li>\n<li style=\"text-align: justify;\">El lloc de celebraci\u00f3 ser\u00e0 la notaria o el domicili d'un dels contraents, tret que l'expedient hagi autoritzat la celebraci\u00f3 a un altre lloc.<\/li>\n<li style=\"text-align: justify;\">L'Encarregat del Registre Civil, concl\u00f2s l'expedient, lliurar\u00e0 als contraents una certificaci\u00f3 acreditativa del judici de capacitat matrimonial que haur\u00e0 de ser aportat al notari. \u00c9s a dir, l'expedient matrimonial es tramita davant l'encarregat del registre civil, no davant el notari.<\/li>\n<\/ul>\n<h4 style=\"text-align: justify;\">A partir del 30\/06\/2017<\/h4>\n<ul>\n<li style=\"text-align: justify;\">L'expedient de judici de capacitat matrimonial es realitzar\u00e0 pel Notari i, la resta, ser\u00e0 igual que els punts anteriors.<\/li>\n<li style=\"text-align: justify;\">Respecte a les separacions i divorcis, destacar que la separaci\u00f3 susp\u00e8n la vida en com\u00fa dels c\u00f2njuges per\u00f2 no posa fi al matrimoni, per tant, continuen sent marit i dona. En canvi el divorci, s\u00ed.<\/li>\n<\/ul>\n<h3>Cl\u00e0usules<\/h3>\n<ul>\n<li style=\"text-align: justify;\">Podr\u00e0 divorciar-se davant Notari sempre que hagin passat almenys tres mesos des de la celebraci\u00f3 del matrimoni.<\/li>\n<li style=\"text-align: justify;\">El divorci ha de ser de mutu acord, no pot haver-hi fills menors no emancipats, ni fills que, judicialment, depenguin dels seus progenitors.<\/li>\n<li style=\"text-align: justify;\">Si hi ha fills majors sense ingressos propis que convisquin en el domicili i aquests pactes els afecten, hauran d'acudir a la notaria per a signar el seu consentiment.<\/li>\n<li style=\"text-align: justify;\">Haur\u00e0 de portar a la notaria la documentaci\u00f3 necess\u00e0ria que certifiqui la data de celebraci\u00f3 del matrimoni (certificat de matrimoni o llibre de fam\u00edlia).<\/li>\n<li style=\"text-align: justify;\">Els c\u00f2njuges hauran d'intervenir de manera personal, no s\u00f3n v\u00e0lids els poders generals. Si interv\u00e9 alg\u00fa per poders, haur\u00e0 de presentar totes les dades de la separaci\u00f3 (data i nom del c\u00f2njuge), aix\u00ed com els acords pactats.<\/li>\n<li style=\"text-align: justify;\">El Notari far\u00e0 constar els pactes acordats pels c\u00f2njuges en l'escriptura.<\/li>\n<li style=\"text-align: justify;\">Els c\u00f2njuges hauran de ser assistits per un lletrat en exercici. Se li demanar\u00e0 el seu n\u00famero de col\u00b7legiat.<\/li>\n<li style=\"text-align: justify;\">Perqu\u00e8 l'escriptura tingui plens efectes enfront de tercers, caldr\u00e0 inscriure-la en el Registre Civil.<\/li>\n<li style=\"text-align: justify;\">Haur\u00e0 d'aportar-se la seg\u00fcent documentaci\u00f3:\n<ul>\n<li>Llibre de fam\u00edlia.<\/li>\n<li>DNI de tots dos.<\/li>\n<li>Pactes entre els c\u00f2njuges.<\/li>\n<li>Dades del lletrat o els lletrats que assistiran a la signatura.<\/li>\n<\/ul>\n<\/li>\n<\/ul>\n<p style=\"text-align: justify;\">Es contempla la reconciliaci\u00f3 mitjan\u00e7ant acta de manifestacions, que caldr\u00e0 inscriure en el Registre Civil.<\/p>\n<p style=\"text-align: justify;\" class=\"translation-block\">Si desitja m\u00e9s informaci\u00f3 sobre separacions o divorcis davant notari, no dubti en posar-se en contacte amb <strong>Notaria de Blas &amp; Lluna<\/strong>.<\/p>","protected":false},"excerpt":{"rendered":"<p>La Ley de Jurisdicci\u00f3n Voluntaria ha dado competencia a los notarios en bodas y divorcios. En cuanto a la celebraci\u00f3n de matrimonios ante Notario, es preciso tener en cuenta dos fechas distintas: Hasta el 30\/06\/2017 El notario es libremente elegido por ambos contrayentes. El lugar de celebraci\u00f3n ser\u00e1 en la notar\u00eda o en el domicilio<br \/><a class=\"moretag\" href=\"https:\/\/www.notariadeblaslluna.es\/ca\/bodas-y-divorcios\/\">+ Read More<\/a><\/p>","protected":false},"author":1,"featured_media":4243,"parent":0,"menu_order":0,"comment_status":"closed","ping_status":"closed","template":"templates\/page-fullwidth_template.php","meta":{"footnotes":""},"class_list":["post-2874","page","type-page","status-publish","has-post-thumbnail","hentry"],"yoast_head":"<!-- This site is optimized with the Yoast SEO Premium plugin v27.2 (Yoast SEO v27.3) - https:\/\/yoast.com\/product\/yoast-seo-premium-wordpress\/ -->\n<title>Bodas y divorcios - Notar\u00eda de Blas &amp; Lluna<\/title>\n<meta name=\"description\" content=\"Si desea m\u00e1s informaci\u00f3n sobre separaciones o divorcios ante notario, no dude en ponerse en contacto con la Notar\u00eda de Blas &amp; Lluna.\" \/>\n<meta name=\"robots\" content=\"index, follow, max-snippet:-1, max-image-preview:large, max-video-preview:-1\" \/>\n<link rel=\"canonical\" href=\"https:\/\/www.notariadeblaslluna.es\/ca\/bodas-y-divorcios\/\" \/>\n<meta property=\"og:locale\" content=\"ca_ES\" \/>\n<meta property=\"og:type\" content=\"article\" \/>\n<meta property=\"og:title\" content=\"Bodas y divorcios\" \/>\n<meta property=\"og:description\" content=\"Si desea m\u00e1s informaci\u00f3n sobre separaciones o divorcios ante notario, no dude en ponerse en contacto con la Notar\u00eda de Blas &amp; Lluna.\" \/>\n<meta property=\"og:url\" content=\"https:\/\/www.notariadeblaslluna.es\/ca\/bodas-y-divorcios\/\" \/>\n<meta property=\"og:site_name\" content=\"Notar\u00eda de Blas &amp; Lluna\" \/>\n<meta property=\"article:publisher\" content=\"https:\/\/www.facebook.com\/notariadeblas\/\" \/>\n<meta property=\"article:modified_time\" content=\"2025-09-08T20:07:23+00:00\" \/>\n<meta property=\"og:image\" content=\"https:\/\/www.notariadeblaslluna.es\/wp-content\/uploads\/2021\/05\/Notaria-De-Blas-Bodas-y-Divorcios.jpg\" \/>\n\t<meta property=\"og:image:width\" content=\"1400\" \/>\n\t<meta property=\"og:image:height\" content=\"320\" \/>\n\t<meta property=\"og:image:type\" content=\"image\/jpeg\" \/>\n<meta name=\"twitter:card\" content=\"summary_large_image\" \/>\n<meta name=\"twitter:label1\" content=\"Temps estimat de lectura\" \/>\n\t<meta name=\"twitter:data1\" content=\"3 minuts\" \/>\n<script type=\"application\/ld+json\" class=\"yoast-schema-graph\">{\"@context\":\"https:\\\/\\\/schema.org\",\"@graph\":[{\"@type\":\"WebPage\",\"@id\":\"https:\\\/\\\/www.notariadeblaslluna.es\\\/bodas-y-divorcios\\\/\",\"url\":\"https:\\\/\\\/www.notariadeblaslluna.es\\\/bodas-y-divorcios\\\/\",\"name\":\"Bodas y divorcios - Notar\u00eda de Blas &amp; Lluna\",\"isPartOf\":{\"@id\":\"https:\\\/\\\/www.notariadeblaslluna.es\\\/#website\"},\"primaryImageOfPage\":{\"@id\":\"https:\\\/\\\/www.notariadeblaslluna.es\\\/bodas-y-divorcios\\\/#primaryimage\"},\"image\":{\"@id\":\"https:\\\/\\\/www.notariadeblaslluna.es\\\/bodas-y-divorcios\\\/#primaryimage\"},\"thumbnailUrl\":\"https:\\\/\\\/www.notariadeblaslluna.es\\\/wp-content\\\/uploads\\\/2021\\\/05\\\/Notaria-De-Blas-Bodas-y-Divorcios.jpg\",\"datePublished\":\"2016-07-14T06:13:21+00:00\",\"dateModified\":\"2025-09-08T20:07:23+00:00\",\"description\":\"Si desea m\u00e1s informaci\u00f3n sobre separaciones o divorcios ante notario, no dude en ponerse en contacto con la Notar\u00eda de Blas & Lluna.\",\"breadcrumb\":{\"@id\":\"https:\\\/\\\/www.notariadeblaslluna.es\\\/bodas-y-divorcios\\\/#breadcrumb\"},\"inLanguage\":\"ca\",\"potentialAction\":[{\"@type\":\"ReadAction\",\"target\":[\"https:\\\/\\\/www.notariadeblaslluna.es\\\/bodas-y-divorcios\\\/\"]}]},{\"@type\":\"ImageObject\",\"inLanguage\":\"ca\",\"@id\":\"https:\\\/\\\/www.notariadeblaslluna.es\\\/bodas-y-divorcios\\\/#primaryimage\",\"url\":\"https:\\\/\\\/www.notariadeblaslluna.es\\\/wp-content\\\/uploads\\\/2021\\\/05\\\/Notaria-De-Blas-Bodas-y-Divorcios.jpg\",\"contentUrl\":\"https:\\\/\\\/www.notariadeblaslluna.es\\\/wp-content\\\/uploads\\\/2021\\\/05\\\/Notaria-De-Blas-Bodas-y-Divorcios.jpg\",\"width\":1400,\"height\":320,\"caption\":\"Notar\u00eda De Blas - Bodas y Divorcios\"},{\"@type\":\"BreadcrumbList\",\"@id\":\"https:\\\/\\\/www.notariadeblaslluna.es\\\/bodas-y-divorcios\\\/#breadcrumb\",\"itemListElement\":[{\"@type\":\"ListItem\",\"position\":1,\"name\":\"Home\",\"item\":\"https:\\\/\\\/www.notariadeblaslluna.es\\\/\"},{\"@type\":\"ListItem\",\"position\":2,\"name\":\"Bodas y divorcios\"}]},{\"@type\":\"WebSite\",\"@id\":\"https:\\\/\\\/www.notariadeblaslluna.es\\\/#website\",\"url\":\"https:\\\/\\\/www.notariadeblaslluna.es\\\/\",\"name\":\"Notaria de Blas & Lluna\",\"description\":\"Notar\u00eda de Blas &amp; Lluna. Passeig de Gr\u00e0cia, 39 | Barcelona\",\"publisher\":{\"@id\":\"https:\\\/\\\/www.notariadeblaslluna.es\\\/#organization\"},\"potentialAction\":[{\"@type\":\"SearchAction\",\"target\":{\"@type\":\"EntryPoint\",\"urlTemplate\":\"https:\\\/\\\/www.notariadeblaslluna.es\\\/?s={search_term_string}\"},\"query-input\":{\"@type\":\"PropertyValueSpecification\",\"valueRequired\":true,\"valueName\":\"search_term_string\"}}],\"inLanguage\":\"ca\"},{\"@type\":\"Organization\",\"@id\":\"https:\\\/\\\/www.notariadeblaslluna.es\\\/#organization\",\"name\":\"Notar\u00eda De Blas & Lluna\",\"url\":\"https:\\\/\\\/www.notariadeblaslluna.es\\\/\",\"logo\":{\"@type\":\"ImageObject\",\"inLanguage\":\"ca\",\"@id\":\"https:\\\/\\\/www.notariadeblaslluna.es\\\/#\\\/schema\\\/logo\\\/image\\\/\",\"url\":\"https:\\\/\\\/www.notariadeblaslluna.es\\\/wp-content\\\/uploads\\\/2024\\\/03\\\/Notaria-De-Blas-Lluna-Logo.png\",\"contentUrl\":\"https:\\\/\\\/www.notariadeblaslluna.es\\\/wp-content\\\/uploads\\\/2024\\\/03\\\/Notaria-De-Blas-Lluna-Logo.png\",\"width\":300,\"height\":70,\"caption\":\"Notar\u00eda De Blas & Lluna\"},\"image\":{\"@id\":\"https:\\\/\\\/www.notariadeblaslluna.es\\\/#\\\/schema\\\/logo\\\/image\\\/\"},\"sameAs\":[\"https:\\\/\\\/www.facebook.com\\\/notariadeblas\\\/\",\"https:\\\/\\\/www.linkedin.com\\\/company\\\/79662096\\\/admin\\\/\"]}]}<\/script>\n<!-- \/ Yoast SEO Premium plugin. -->","yoast_head_json":{"title":"Bodas y divorcios - Notar\u00eda de Blas &amp; Lluna","description":"Si desitja m\u00e9s informaci\u00f3 sobre separacions o divorcis davant de notari, no dubteu a posar-vos en contacte amb la Notaria de Blas &amp; Lluna.","robots":{"index":"index","follow":"follow","max-snippet":"max-snippet:-1","max-image-preview":"max-image-preview:large","max-video-preview":"max-video-preview:-1"},"canonical":"https:\/\/www.notariadeblaslluna.es\/ca\/bodas-y-divorcios\/","og_locale":"ca_ES","og_type":"article","og_title":"Bodas y divorcios","og_description":"Si desea m\u00e1s informaci\u00f3n sobre separaciones o divorcios ante notario, no dude en ponerse en contacto con la Notar\u00eda de Blas & Lluna.","og_url":"https:\/\/www.notariadeblaslluna.es\/ca\/bodas-y-divorcios\/","og_site_name":"Notar\u00eda de Blas &amp; Lluna","article_publisher":"https:\/\/www.facebook.com\/notariadeblas\/","article_modified_time":"2025-09-08T20:07:23+00:00","og_image":[{"width":1400,"height":320,"url":"https:\/\/www.notariadeblaslluna.es\/wp-content\/uploads\/2021\/05\/Notaria-De-Blas-Bodas-y-Divorcios.jpg","type":"image\/jpeg"}],"twitter_card":"summary_large_image","twitter_misc":{"Temps estimat de lectura":"3 minuts"},"schema":{"@context":"https:\/\/schema.org","@graph":[{"@type":"WebPage","@id":"https:\/\/www.notariadeblaslluna.es\/bodas-y-divorcios\/","url":"https:\/\/www.notariadeblaslluna.es\/bodas-y-divorcios\/","name":"Bodas y divorcios - Notar\u00eda de Blas &amp; Lluna","isPartOf":{"@id":"https:\/\/www.notariadeblaslluna.es\/#website"},"primaryImageOfPage":{"@id":"https:\/\/www.notariadeblaslluna.es\/bodas-y-divorcios\/#primaryimage"},"image":{"@id":"https:\/\/www.notariadeblaslluna.es\/bodas-y-divorcios\/#primaryimage"},"thumbnailUrl":"https:\/\/www.notariadeblaslluna.es\/wp-content\/uploads\/2021\/05\/Notaria-De-Blas-Bodas-y-Divorcios.jpg","datePublished":"2016-07-14T06:13:21+00:00","dateModified":"2025-09-08T20:07:23+00:00","description":"Si desitja m\u00e9s informaci\u00f3 sobre separacions o divorcis davant de notari, no dubteu a posar-vos en contacte amb la Notaria de Blas &amp; Lluna.","breadcrumb":{"@id":"https:\/\/www.notariadeblaslluna.es\/bodas-y-divorcios\/#breadcrumb"},"inLanguage":"ca","potentialAction":[{"@type":"ReadAction","target":["https:\/\/www.notariadeblaslluna.es\/bodas-y-divorcios\/"]}]},{"@type":"ImageObject","inLanguage":"ca","@id":"https:\/\/www.notariadeblaslluna.es\/bodas-y-divorcios\/#primaryimage","url":"https:\/\/www.notariadeblaslluna.es\/wp-content\/uploads\/2021\/05\/Notaria-De-Blas-Bodas-y-Divorcios.jpg","contentUrl":"https:\/\/www.notariadeblaslluna.es\/wp-content\/uploads\/2021\/05\/Notaria-De-Blas-Bodas-y-Divorcios.jpg","width":1400,"height":320,"caption":"Notar\u00eda De Blas - Bodas y Divorcios"},{"@type":"BreadcrumbList","@id":"https:\/\/www.notariadeblaslluna.es\/bodas-y-divorcios\/#breadcrumb","itemListElement":[{"@type":"ListItem","position":1,"name":"Home","item":"https:\/\/www.notariadeblaslluna.es\/"},{"@type":"ListItem","position":2,"name":"Bodas y divorcios"}]},{"@type":"WebSite","@id":"https:\/\/www.notariadeblaslluna.es\/#website","url":"https:\/\/www.notariadeblaslluna.es\/","name":"Notaria de Blas & Lluna","description":"Notar\u00eda de Blas &amp; Lluna. Passeig de Gr\u00e0cia, 39 | Barcelona","publisher":{"@id":"https:\/\/www.notariadeblaslluna.es\/#organization"},"potentialAction":[{"@type":"SearchAction","target":{"@type":"EntryPoint","urlTemplate":"https:\/\/www.notariadeblaslluna.es\/?s={search_term_string}"},"query-input":{"@type":"PropertyValueSpecification","valueRequired":true,"valueName":"search_term_string"}}],"inLanguage":"ca"},{"@type":"Organization","@id":"https:\/\/www.notariadeblaslluna.es\/#organization","name":"Notaria De Blas &amp; Lluna","url":"https:\/\/www.notariadeblaslluna.es\/","logo":{"@type":"ImageObject","inLanguage":"ca","@id":"https:\/\/www.notariadeblaslluna.es\/#\/schema\/logo\/image\/","url":"https:\/\/www.notariadeblaslluna.es\/wp-content\/uploads\/2024\/03\/Notaria-De-Blas-Lluna-Logo.png","contentUrl":"https:\/\/www.notariadeblaslluna.es\/wp-content\/uploads\/2024\/03\/Notaria-De-Blas-Lluna-Logo.png","width":300,"height":70,"caption":"Notar\u00eda De Blas & Lluna"},"image":{"@id":"https:\/\/www.notariadeblaslluna.es\/#\/schema\/logo\/image\/"},"sameAs":["https:\/\/www.facebook.com\/notariadeblas\/","https:\/\/www.linkedin.com\/company\/79662096\/admin\/"]}]}},"_links":{"self":[{"href":"https:\/\/www.notariadeblaslluna.es\/ca\/wp-json\/wp\/v2\/pages\/2874","targetHints":{"allow":["GET"]}}],"collection":[{"href":"https:\/\/www.notariadeblaslluna.es\/ca\/wp-json\/wp\/v2\/pages"}],"about":[{"href":"https:\/\/www.notariadeblaslluna.es\/ca\/wp-json\/wp\/v2\/types\/page"}],"author":[{"embeddable":true,"href":"https:\/\/www.notariadeblaslluna.es\/ca\/wp-json\/wp\/v2\/users\/1"}],"replies":[{"embeddable":true,"href":"https:\/\/www.notariadeblaslluna.es\/ca\/wp-json\/wp\/v2\/comments?post=2874"}],"version-history":[{"count":0,"href":"https:\/\/www.notariadeblaslluna.es\/ca\/wp-json\/wp\/v2\/pages\/2874\/revisions"}],"wp:featuredmedia":[{"embeddable":true,"href":"https:\/\/www.notariadeblaslluna.es\/ca\/wp-json\/wp\/v2\/media\/4243"}],"wp:attachment":[{"href":"https:\/\/www.notariadeblaslluna.es\/ca\/wp-json\/wp\/v2\/media?parent=2874"}],"curies":[{"name":"wp","href":"https:\/\/api.w.org\/{rel}","templated":true}]}}