{"id":2870,"date":"2016-07-14T08:12:51","date_gmt":"2016-07-14T06:12:51","guid":{"rendered":"http:\/\/notariadeblas.com\/?page_id=2870"},"modified":"2025-09-11T09:01:05","modified_gmt":"2025-09-11T07:01:05","slug":"actas-notariales","status":"publish","type":"page","link":"https:\/\/www.notariadeblaslluna.es\/ca\/actas-notariales\/","title":{"rendered":"Actes"},"content":{"rendered":"<p style=\"text-align: justify;\" class=\"translation-block\">Les <strong>actes<\/strong> s\u00f3n documents que tenen per objecte autenticar, testimoniar, comprovar i fixar fets o situacions f\u00e0ctiques. En aquest cas, el Notari \u00e9s de vital import\u00e0ncia perqu\u00e8 fa constar i dona fe de l'esdevingut durant una sessi\u00f3, un sorteig, un congr\u00e9s, assemblea, junta de socis d'una companyia, comunitat de ve\u00efns o qualsevol altre tipus de reuni\u00f3, amb la finalitat de reflectir les decisions acordades en l'ordre del dia o les negociacions realitzades en cadascuna d'elles.<\/p>\n<p style=\"text-align: justify;\" class=\"translation-block\">A <strong>Notaria de Blas &amp; Lluna<\/strong> realitzem diversos tipus d'actes, com ara:<\/p>\n<ul style=\"text-align: justify;\">\n<li>Subhastes notarials.<\/li>\n<li>Actes de sorteig.<\/li>\n<li>Actes d'exhibici\u00f3.<\/li>\n<li>Actes de notificaci\u00f3 i requeriment.<\/li>\n<li>Actes de notorietat.<\/li>\n<li>Actes de pres\u00e8ncia.<\/li>\n<\/ul>\n<p style=\"text-align: justify;\">Consulti'ns i l'informarem dels efectes legals referents al contingut de cadascuna de les actes per a trobar la que m\u00e9s s'ajusti a les seves necessitats.<\/p>\n<p style=\"text-align: justify;\">Els testimoniatges s\u00f3n la transcripci\u00f3 o fidel reproducci\u00f3, total o parcial, d'un document original. \u00c9s una compulsa autoritzada davant qualsevol autoritat o administraci\u00f3, on el notari dona fe de la seva correspond\u00e8ncia amb l'original.<\/p>\n<p style=\"text-align: justify;\">Les legitimacions, a destacar les legitimacions de signatures, s\u00f3n testimoniatges notarials a trav\u00e9s dels que un Notari acredita la identitat, dades del signant i la data de la signatura d'un document, per\u00f2 sense assumir la responsabilitat ni donar fe del contingut del document.<\/p>\n<p class=\"translation-block\">Si necessita m\u00e9s informaci\u00f3 sobre actes, <a href=\"https:\/\/www.notariadeblaslluna.es\/ca\/contacto\/\" target=\"_self\"><strong>contacti amb la Notaria<\/strong><\/a>.<\/p>","protected":false},"excerpt":{"rendered":"<p>Las actas son documentos que tienen por objeto autentificar, testimoniar, comprobar y fijar hechos o situaciones f\u00e1cticas. En este caso, el Notario es de vital importancia porque hace constar y da fe de lo acontecido durante una sesi\u00f3n, un sorteo, un congreso, asamblea, junta de socios de una compa\u00f1\u00eda, comunidad de vecinos o cualquier otro<br \/><a class=\"moretag\" href=\"https:\/\/www.notariadeblaslluna.es\/ca\/actas-notariales\/\">+ Read More<\/a><\/p>","protected":false},"author":1,"featured_media":4239,"parent":0,"menu_order":0,"comment_status":"closed","ping_status":"closed","template":"templates\/page-fullwidth_template.php","meta":{"footnotes":""},"class_list":["post-2870","page","type-page","status-publish","has-post-thumbnail","hentry"],"yoast_head":"<!-- This site is optimized with the Yoast SEO Premium plugin v27.2 (Yoast SEO v27.5) - https:\/\/yoast.com\/product\/yoast-seo-premium-wordpress\/ -->\n<title>Actas - Notar\u00eda de Blas &amp; Lluna<\/title>\n<meta name=\"description\" content=\"En Notar\u00eda de Blas &amp; Lluna realizamos diversos tipos de actas. Cons\u00faltenos y le informaremos con todo detalle.\" \/>\n<meta name=\"robots\" content=\"index, follow, max-snippet:-1, max-image-preview:large, max-video-preview:-1\" \/>\n<link rel=\"canonical\" href=\"https:\/\/www.notariadeblaslluna.es\/ca\/actas-notariales\/\" \/>\n<meta property=\"og:locale\" content=\"ca_ES\" \/>\n<meta property=\"og:type\" content=\"article\" \/>\n<meta property=\"og:title\" content=\"Actas\" \/>\n<meta property=\"og:description\" content=\"En Notar\u00eda de Blas &amp; Lluna realizamos diversos tipos de actas. Cons\u00faltenos y le informaremos con todo detalle.\" \/>\n<meta property=\"og:url\" content=\"https:\/\/www.notariadeblaslluna.es\/ca\/actas-notariales\/\" \/>\n<meta property=\"og:site_name\" content=\"Notar\u00eda de Blas &amp; Lluna\" \/>\n<meta property=\"article:publisher\" content=\"https:\/\/www.facebook.com\/notariadeblas\/\" \/>\n<meta property=\"article:modified_time\" content=\"2025-09-11T07:01:05+00:00\" \/>\n<meta property=\"og:image\" content=\"https:\/\/www.notariadeblaslluna.es\/wp-content\/uploads\/2021\/05\/Notaria-De-Blas-Actas.jpg\" \/>\n\t<meta property=\"og:image:width\" content=\"1400\" \/>\n\t<meta property=\"og:image:height\" content=\"320\" \/>\n\t<meta property=\"og:image:type\" content=\"image\/jpeg\" \/>\n<meta name=\"twitter:card\" content=\"summary_large_image\" \/>\n<meta name=\"twitter:label1\" content=\"Temps estimat de lectura\" \/>\n\t<meta name=\"twitter:data1\" content=\"2 minuts\" \/>\n<script type=\"application\/ld+json\" class=\"yoast-schema-graph\">{\"@context\":\"https:\\\/\\\/schema.org\",\"@graph\":[{\"@type\":\"WebPage\",\"@id\":\"https:\\\/\\\/www.notariadeblaslluna.es\\\/actas-notariales\\\/\",\"url\":\"https:\\\/\\\/www.notariadeblaslluna.es\\\/actas-notariales\\\/\",\"name\":\"Actas - Notar\u00eda de Blas &amp; Lluna\",\"isPartOf\":{\"@id\":\"https:\\\/\\\/www.notariadeblaslluna.es\\\/#website\"},\"primaryImageOfPage\":{\"@id\":\"https:\\\/\\\/www.notariadeblaslluna.es\\\/actas-notariales\\\/#primaryimage\"},\"image\":{\"@id\":\"https:\\\/\\\/www.notariadeblaslluna.es\\\/actas-notariales\\\/#primaryimage\"},\"thumbnailUrl\":\"https:\\\/\\\/www.notariadeblaslluna.es\\\/wp-content\\\/uploads\\\/2021\\\/05\\\/Notaria-De-Blas-Actas.jpg\",\"datePublished\":\"2016-07-14T06:12:51+00:00\",\"dateModified\":\"2025-09-11T07:01:05+00:00\",\"description\":\"En Notar\u00eda de Blas & Lluna realizamos diversos tipos de actas. Cons\u00faltenos y le informaremos con todo detalle.\",\"breadcrumb\":{\"@id\":\"https:\\\/\\\/www.notariadeblaslluna.es\\\/actas-notariales\\\/#breadcrumb\"},\"inLanguage\":\"ca\",\"potentialAction\":[{\"@type\":\"ReadAction\",\"target\":[\"https:\\\/\\\/www.notariadeblaslluna.es\\\/actas-notariales\\\/\"]}]},{\"@type\":\"ImageObject\",\"inLanguage\":\"ca\",\"@id\":\"https:\\\/\\\/www.notariadeblaslluna.es\\\/actas-notariales\\\/#primaryimage\",\"url\":\"https:\\\/\\\/www.notariadeblaslluna.es\\\/wp-content\\\/uploads\\\/2021\\\/05\\\/Notaria-De-Blas-Actas.jpg\",\"contentUrl\":\"https:\\\/\\\/www.notariadeblaslluna.es\\\/wp-content\\\/uploads\\\/2021\\\/05\\\/Notaria-De-Blas-Actas.jpg\",\"width\":1400,\"height\":320,\"caption\":\"Notar\u00eda De Blas - Actas\"},{\"@type\":\"BreadcrumbList\",\"@id\":\"https:\\\/\\\/www.notariadeblaslluna.es\\\/actas-notariales\\\/#breadcrumb\",\"itemListElement\":[{\"@type\":\"ListItem\",\"position\":1,\"name\":\"Home\",\"item\":\"https:\\\/\\\/www.notariadeblaslluna.es\\\/\"},{\"@type\":\"ListItem\",\"position\":2,\"name\":\"Actas\"}]},{\"@type\":\"WebSite\",\"@id\":\"https:\\\/\\\/www.notariadeblaslluna.es\\\/#website\",\"url\":\"https:\\\/\\\/www.notariadeblaslluna.es\\\/\",\"name\":\"Notaria de Blas & Lluna\",\"description\":\"Notar\u00eda de Blas &amp; Lluna. Passeig de Gr\u00e0cia, 39 | Barcelona\",\"publisher\":{\"@id\":\"https:\\\/\\\/www.notariadeblaslluna.es\\\/#organization\"},\"potentialAction\":[{\"@type\":\"SearchAction\",\"target\":{\"@type\":\"EntryPoint\",\"urlTemplate\":\"https:\\\/\\\/www.notariadeblaslluna.es\\\/?s={search_term_string}\"},\"query-input\":{\"@type\":\"PropertyValueSpecification\",\"valueRequired\":true,\"valueName\":\"search_term_string\"}}],\"inLanguage\":\"ca\"},{\"@type\":\"Organization\",\"@id\":\"https:\\\/\\\/www.notariadeblaslluna.es\\\/#organization\",\"name\":\"Notar\u00eda De Blas & Lluna\",\"url\":\"https:\\\/\\\/www.notariadeblaslluna.es\\\/\",\"logo\":{\"@type\":\"ImageObject\",\"inLanguage\":\"ca\",\"@id\":\"https:\\\/\\\/www.notariadeblaslluna.es\\\/#\\\/schema\\\/logo\\\/image\\\/\",\"url\":\"https:\\\/\\\/www.notariadeblaslluna.es\\\/wp-content\\\/uploads\\\/2024\\\/03\\\/Notaria-De-Blas-Lluna-Logo.png\",\"contentUrl\":\"https:\\\/\\\/www.notariadeblaslluna.es\\\/wp-content\\\/uploads\\\/2024\\\/03\\\/Notaria-De-Blas-Lluna-Logo.png\",\"width\":300,\"height\":70,\"caption\":\"Notar\u00eda De Blas & Lluna\"},\"image\":{\"@id\":\"https:\\\/\\\/www.notariadeblaslluna.es\\\/#\\\/schema\\\/logo\\\/image\\\/\"},\"sameAs\":[\"https:\\\/\\\/www.facebook.com\\\/notariadeblas\\\/\",\"https:\\\/\\\/www.linkedin.com\\\/company\\\/79662096\\\/admin\\\/\"]}]}<\/script>\n<!-- \/ Yoast SEO Premium plugin. -->","yoast_head_json":{"title":"Actas - Notar\u00eda de Blas &amp; Lluna","description":"A Notaria de Blas &amp; Lluna realitzem diversos tipus d'actes. Consulteu-nos i us informarem amb tot detall.","robots":{"index":"index","follow":"follow","max-snippet":"max-snippet:-1","max-image-preview":"max-image-preview:large","max-video-preview":"max-video-preview:-1"},"canonical":"https:\/\/www.notariadeblaslluna.es\/ca\/actas-notariales\/","og_locale":"ca_ES","og_type":"article","og_title":"Actas","og_description":"En Notar\u00eda de Blas & Lluna realizamos diversos tipos de actas. Cons\u00faltenos y le informaremos con todo detalle.","og_url":"https:\/\/www.notariadeblaslluna.es\/ca\/actas-notariales\/","og_site_name":"Notar\u00eda de Blas &amp; Lluna","article_publisher":"https:\/\/www.facebook.com\/notariadeblas\/","article_modified_time":"2025-09-11T07:01:05+00:00","og_image":[{"width":1400,"height":320,"url":"https:\/\/www.notariadeblaslluna.es\/wp-content\/uploads\/2021\/05\/Notaria-De-Blas-Actas.jpg","type":"image\/jpeg"}],"twitter_card":"summary_large_image","twitter_misc":{"Temps estimat de lectura":"2 minuts"},"schema":{"@context":"https:\/\/schema.org","@graph":[{"@type":"WebPage","@id":"https:\/\/www.notariadeblaslluna.es\/actas-notariales\/","url":"https:\/\/www.notariadeblaslluna.es\/actas-notariales\/","name":"Actas - Notar\u00eda de Blas &amp; Lluna","isPartOf":{"@id":"https:\/\/www.notariadeblaslluna.es\/#website"},"primaryImageOfPage":{"@id":"https:\/\/www.notariadeblaslluna.es\/actas-notariales\/#primaryimage"},"image":{"@id":"https:\/\/www.notariadeblaslluna.es\/actas-notariales\/#primaryimage"},"thumbnailUrl":"https:\/\/www.notariadeblaslluna.es\/wp-content\/uploads\/2021\/05\/Notaria-De-Blas-Actas.jpg","datePublished":"2016-07-14T06:12:51+00:00","dateModified":"2025-09-11T07:01:05+00:00","description":"A Notaria de Blas &amp; Lluna realitzem diversos tipus d'actes. Consulteu-nos i us informarem amb tot detall.","breadcrumb":{"@id":"https:\/\/www.notariadeblaslluna.es\/actas-notariales\/#breadcrumb"},"inLanguage":"ca","potentialAction":[{"@type":"ReadAction","target":["https:\/\/www.notariadeblaslluna.es\/actas-notariales\/"]}]},{"@type":"ImageObject","inLanguage":"ca","@id":"https:\/\/www.notariadeblaslluna.es\/actas-notariales\/#primaryimage","url":"https:\/\/www.notariadeblaslluna.es\/wp-content\/uploads\/2021\/05\/Notaria-De-Blas-Actas.jpg","contentUrl":"https:\/\/www.notariadeblaslluna.es\/wp-content\/uploads\/2021\/05\/Notaria-De-Blas-Actas.jpg","width":1400,"height":320,"caption":"Notar\u00eda De Blas - Actas"},{"@type":"BreadcrumbList","@id":"https:\/\/www.notariadeblaslluna.es\/actas-notariales\/#breadcrumb","itemListElement":[{"@type":"ListItem","position":1,"name":"Home","item":"https:\/\/www.notariadeblaslluna.es\/"},{"@type":"ListItem","position":2,"name":"Actas"}]},{"@type":"WebSite","@id":"https:\/\/www.notariadeblaslluna.es\/#website","url":"https:\/\/www.notariadeblaslluna.es\/","name":"Notaria de Blas & Lluna","description":"Notar\u00eda de Blas &amp; Lluna. Passeig de Gr\u00e0cia, 39 | Barcelona","publisher":{"@id":"https:\/\/www.notariadeblaslluna.es\/#organization"},"potentialAction":[{"@type":"SearchAction","target":{"@type":"EntryPoint","urlTemplate":"https:\/\/www.notariadeblaslluna.es\/?s={search_term_string}"},"query-input":{"@type":"PropertyValueSpecification","valueRequired":true,"valueName":"search_term_string"}}],"inLanguage":"ca"},{"@type":"Organization","@id":"https:\/\/www.notariadeblaslluna.es\/#organization","name":"Notaria De Blas &amp; Lluna","url":"https:\/\/www.notariadeblaslluna.es\/","logo":{"@type":"ImageObject","inLanguage":"ca","@id":"https:\/\/www.notariadeblaslluna.es\/#\/schema\/logo\/image\/","url":"https:\/\/www.notariadeblaslluna.es\/wp-content\/uploads\/2024\/03\/Notaria-De-Blas-Lluna-Logo.png","contentUrl":"https:\/\/www.notariadeblaslluna.es\/wp-content\/uploads\/2024\/03\/Notaria-De-Blas-Lluna-Logo.png","width":300,"height":70,"caption":"Notar\u00eda De Blas & Lluna"},"image":{"@id":"https:\/\/www.notariadeblaslluna.es\/#\/schema\/logo\/image\/"},"sameAs":["https:\/\/www.facebook.com\/notariadeblas\/","https:\/\/www.linkedin.com\/company\/79662096\/admin\/"]}]}},"_links":{"self":[{"href":"https:\/\/www.notariadeblaslluna.es\/ca\/wp-json\/wp\/v2\/pages\/2870","targetHints":{"allow":["GET"]}}],"collection":[{"href":"https:\/\/www.notariadeblaslluna.es\/ca\/wp-json\/wp\/v2\/pages"}],"about":[{"href":"https:\/\/www.notariadeblaslluna.es\/ca\/wp-json\/wp\/v2\/types\/page"}],"author":[{"embeddable":true,"href":"https:\/\/www.notariadeblaslluna.es\/ca\/wp-json\/wp\/v2\/users\/1"}],"replies":[{"embeddable":true,"href":"https:\/\/www.notariadeblaslluna.es\/ca\/wp-json\/wp\/v2\/comments?post=2870"}],"version-history":[{"count":0,"href":"https:\/\/www.notariadeblaslluna.es\/ca\/wp-json\/wp\/v2\/pages\/2870\/revisions"}],"wp:featuredmedia":[{"embeddable":true,"href":"https:\/\/www.notariadeblaslluna.es\/ca\/wp-json\/wp\/v2\/media\/4239"}],"wp:attachment":[{"href":"https:\/\/www.notariadeblaslluna.es\/ca\/wp-json\/wp\/v2\/media?parent=2870"}],"curies":[{"name":"wp","href":"https:\/\/api.w.org\/{rel}","templated":true}]}}