{"id":2868,"date":"2016-07-14T08:12:36","date_gmt":"2016-07-14T06:12:36","guid":{"rendered":"http:\/\/notariadeblas.com\/?page_id=2868"},"modified":"2025-09-09T10:57:18","modified_gmt":"2025-09-09T08:57:18","slug":"testamentos-herencias","status":"publish","type":"page","link":"https:\/\/www.notariadeblaslluna.es\/ca\/testamentos-herencias\/","title":{"rendered":"Testaments i her\u00e8ncies"},"content":{"rendered":"<p style=\"text-align: justify;\" class=\"translation-block\">El Notari recomana <strong>fer testament<\/strong> per a evitar els trastorns que s'originen davant l'abs\u00e8ncia d'aquest.<\/p>\n<p style=\"text-align: justify;\" class=\"translation-block\">Si necessita m\u00e9s informaci\u00f3 sobre <strong>com fer testament<\/strong>, tipus de testament, <strong>testament obert<\/strong>, etc\u2026 a \u00a0<strong>Notaria de Blas<\/strong> podem assessorar-lo.<\/p>\n<p style=\"text-align: justify;\">L'her\u00e8ncia \u00e9s un document p\u00fablic mitjan\u00e7ant el qual els hereus accepten i es reparteixen els b\u00e9ns confirmi al testament. Tant l'acceptaci\u00f3 de l'her\u00e8ncia com el rebuig d'aquesta, han de realitzar-se davant notari o judicialment.<\/p>\n<p style=\"text-align: justify;\" class=\"translation-block\">Si necessita m\u00e9s informaci\u00f3 sobre <strong>testaments i her\u00e8ncies<\/strong>, pot <a href=\"https:\/\/www.notariadeblaslluna.es\/ca\/contacto\/\"><strong>contactar amb la notaria<\/strong><\/a>.<\/p>","protected":false},"excerpt":{"rendered":"<p>El Notario recomienda hacer testamento para evitar los trastornos que se originan ante la ausencia del mismo. Si necesita m\u00e1s informaci\u00f3n sobre c\u00f3mo hacer testamento, tipos de testamento, testamento abierto, etc&#8230; en Notar\u00eda de Blas podemos asesorarle. La herencia es un documento p\u00fablico mediante el cual los herederos aceptan y se reparten los bienes confirme<br \/><a class=\"moretag\" href=\"https:\/\/www.notariadeblaslluna.es\/ca\/testamentos-herencias\/\">+ Read More<\/a><\/p>","protected":false},"author":1,"featured_media":4219,"parent":0,"menu_order":0,"comment_status":"closed","ping_status":"closed","template":"templates\/page-fullwidth_template.php","meta":{"footnotes":""},"class_list":["post-2868","page","type-page","status-publish","has-post-thumbnail","hentry"],"yoast_head":"<!-- This site is optimized with the Yoast SEO Premium plugin v27.2 (Yoast SEO v27.4) - https:\/\/yoast.com\/product\/yoast-seo-premium-wordpress\/ -->\n<title>Testamentos y herencias - Notar\u00eda de Blas &amp; Lluna<\/title>\n<meta name=\"description\" content=\"Te ayudamos a planificar tu testamento o tramitar una herencia con seguridad, claridad y acompa\u00f1amiento profesional en todo el proceso.\" \/>\n<meta name=\"robots\" content=\"index, follow, max-snippet:-1, max-image-preview:large, max-video-preview:-1\" \/>\n<link rel=\"canonical\" href=\"https:\/\/www.notariadeblaslluna.es\/ca\/testamentos-herencias\/\" \/>\n<meta property=\"og:locale\" content=\"ca_ES\" \/>\n<meta property=\"og:type\" content=\"article\" \/>\n<meta property=\"og:title\" content=\"Testamentos y herencias\" \/>\n<meta property=\"og:description\" content=\"Te ayudamos a planificar tu testamento o tramitar una herencia con seguridad, claridad y acompa\u00f1amiento profesional en todo el proceso.\" \/>\n<meta property=\"og:url\" content=\"https:\/\/www.notariadeblaslluna.es\/ca\/testamentos-herencias\/\" \/>\n<meta property=\"og:site_name\" content=\"Notar\u00eda de Blas &amp; Lluna\" \/>\n<meta property=\"article:publisher\" content=\"https:\/\/www.facebook.com\/notariadeblas\/\" \/>\n<meta property=\"article:modified_time\" content=\"2025-09-09T08:57:18+00:00\" \/>\n<meta property=\"og:image\" content=\"https:\/\/www.notariadeblaslluna.es\/wp-content\/uploads\/2021\/05\/Notaria-De-Blas-Testamentos-y-Herencias.jpg\" \/>\n\t<meta property=\"og:image:width\" content=\"1400\" \/>\n\t<meta property=\"og:image:height\" content=\"320\" \/>\n\t<meta property=\"og:image:type\" content=\"image\/jpeg\" \/>\n<meta name=\"twitter:card\" content=\"summary_large_image\" \/>\n<meta name=\"twitter:label1\" content=\"Temps estimat de lectura\" \/>\n\t<meta name=\"twitter:data1\" content=\"2 minuts\" \/>\n<script type=\"application\/ld+json\" class=\"yoast-schema-graph\">{\"@context\":\"https:\\\/\\\/schema.org\",\"@graph\":[{\"@type\":\"WebPage\",\"@id\":\"https:\\\/\\\/www.notariadeblaslluna.es\\\/testamentos-herencias\\\/\",\"url\":\"https:\\\/\\\/www.notariadeblaslluna.es\\\/testamentos-herencias\\\/\",\"name\":\"Testamentos y herencias - Notar\u00eda de Blas &amp; Lluna\",\"isPartOf\":{\"@id\":\"https:\\\/\\\/www.notariadeblaslluna.es\\\/#website\"},\"primaryImageOfPage\":{\"@id\":\"https:\\\/\\\/www.notariadeblaslluna.es\\\/testamentos-herencias\\\/#primaryimage\"},\"image\":{\"@id\":\"https:\\\/\\\/www.notariadeblaslluna.es\\\/testamentos-herencias\\\/#primaryimage\"},\"thumbnailUrl\":\"https:\\\/\\\/www.notariadeblaslluna.es\\\/wp-content\\\/uploads\\\/2021\\\/05\\\/Notaria-De-Blas-Testamentos-y-Herencias.jpg\",\"datePublished\":\"2016-07-14T06:12:36+00:00\",\"dateModified\":\"2025-09-09T08:57:18+00:00\",\"description\":\"Te ayudamos a planificar tu testamento o tramitar una herencia con seguridad, claridad y acompa\u00f1amiento profesional en todo el proceso.\",\"breadcrumb\":{\"@id\":\"https:\\\/\\\/www.notariadeblaslluna.es\\\/testamentos-herencias\\\/#breadcrumb\"},\"inLanguage\":\"ca\",\"potentialAction\":[{\"@type\":\"ReadAction\",\"target\":[\"https:\\\/\\\/www.notariadeblaslluna.es\\\/testamentos-herencias\\\/\"]}]},{\"@type\":\"ImageObject\",\"inLanguage\":\"ca\",\"@id\":\"https:\\\/\\\/www.notariadeblaslluna.es\\\/testamentos-herencias\\\/#primaryimage\",\"url\":\"https:\\\/\\\/www.notariadeblaslluna.es\\\/wp-content\\\/uploads\\\/2021\\\/05\\\/Notaria-De-Blas-Testamentos-y-Herencias.jpg\",\"contentUrl\":\"https:\\\/\\\/www.notariadeblaslluna.es\\\/wp-content\\\/uploads\\\/2021\\\/05\\\/Notaria-De-Blas-Testamentos-y-Herencias.jpg\",\"width\":1400,\"height\":320,\"caption\":\"Notar\u00eda De Blas - Testamentos y Herencias\"},{\"@type\":\"BreadcrumbList\",\"@id\":\"https:\\\/\\\/www.notariadeblaslluna.es\\\/testamentos-herencias\\\/#breadcrumb\",\"itemListElement\":[{\"@type\":\"ListItem\",\"position\":1,\"name\":\"Home\",\"item\":\"https:\\\/\\\/www.notariadeblaslluna.es\\\/\"},{\"@type\":\"ListItem\",\"position\":2,\"name\":\"Testamentos y herencias\"}]},{\"@type\":\"WebSite\",\"@id\":\"https:\\\/\\\/www.notariadeblaslluna.es\\\/#website\",\"url\":\"https:\\\/\\\/www.notariadeblaslluna.es\\\/\",\"name\":\"Notaria de Blas & Lluna\",\"description\":\"Notar\u00eda de Blas &amp; Lluna. Passeig de Gr\u00e0cia, 39 | Barcelona\",\"publisher\":{\"@id\":\"https:\\\/\\\/www.notariadeblaslluna.es\\\/#organization\"},\"potentialAction\":[{\"@type\":\"SearchAction\",\"target\":{\"@type\":\"EntryPoint\",\"urlTemplate\":\"https:\\\/\\\/www.notariadeblaslluna.es\\\/?s={search_term_string}\"},\"query-input\":{\"@type\":\"PropertyValueSpecification\",\"valueRequired\":true,\"valueName\":\"search_term_string\"}}],\"inLanguage\":\"ca\"},{\"@type\":\"Organization\",\"@id\":\"https:\\\/\\\/www.notariadeblaslluna.es\\\/#organization\",\"name\":\"Notar\u00eda De Blas & Lluna\",\"url\":\"https:\\\/\\\/www.notariadeblaslluna.es\\\/\",\"logo\":{\"@type\":\"ImageObject\",\"inLanguage\":\"ca\",\"@id\":\"https:\\\/\\\/www.notariadeblaslluna.es\\\/#\\\/schema\\\/logo\\\/image\\\/\",\"url\":\"https:\\\/\\\/www.notariadeblaslluna.es\\\/wp-content\\\/uploads\\\/2024\\\/03\\\/Notaria-De-Blas-Lluna-Logo.png\",\"contentUrl\":\"https:\\\/\\\/www.notariadeblaslluna.es\\\/wp-content\\\/uploads\\\/2024\\\/03\\\/Notaria-De-Blas-Lluna-Logo.png\",\"width\":300,\"height\":70,\"caption\":\"Notar\u00eda De Blas & Lluna\"},\"image\":{\"@id\":\"https:\\\/\\\/www.notariadeblaslluna.es\\\/#\\\/schema\\\/logo\\\/image\\\/\"},\"sameAs\":[\"https:\\\/\\\/www.facebook.com\\\/notariadeblas\\\/\",\"https:\\\/\\\/www.linkedin.com\\\/company\\\/79662096\\\/admin\\\/\"]}]}<\/script>\n<!-- \/ Yoast SEO Premium plugin. -->","yoast_head_json":{"title":"Testamentos y herencias - Notar\u00eda de Blas &amp; Lluna","description":"T'ajudem a planificar el testament o tramitar una her\u00e8ncia amb seguretat, claredat i acompanyament professional en tot el proc\u00e9s.","robots":{"index":"index","follow":"follow","max-snippet":"max-snippet:-1","max-image-preview":"max-image-preview:large","max-video-preview":"max-video-preview:-1"},"canonical":"https:\/\/www.notariadeblaslluna.es\/ca\/testamentos-herencias\/","og_locale":"ca_ES","og_type":"article","og_title":"Testamentos y herencias","og_description":"Te ayudamos a planificar tu testamento o tramitar una herencia con seguridad, claridad y acompa\u00f1amiento profesional en todo el proceso.","og_url":"https:\/\/www.notariadeblaslluna.es\/ca\/testamentos-herencias\/","og_site_name":"Notar\u00eda de Blas &amp; Lluna","article_publisher":"https:\/\/www.facebook.com\/notariadeblas\/","article_modified_time":"2025-09-09T08:57:18+00:00","og_image":[{"width":1400,"height":320,"url":"https:\/\/www.notariadeblaslluna.es\/wp-content\/uploads\/2021\/05\/Notaria-De-Blas-Testamentos-y-Herencias.jpg","type":"image\/jpeg"}],"twitter_card":"summary_large_image","twitter_misc":{"Temps estimat de lectura":"2 minuts"},"schema":{"@context":"https:\/\/schema.org","@graph":[{"@type":"WebPage","@id":"https:\/\/www.notariadeblaslluna.es\/testamentos-herencias\/","url":"https:\/\/www.notariadeblaslluna.es\/testamentos-herencias\/","name":"Testamentos y herencias - Notar\u00eda de Blas &amp; Lluna","isPartOf":{"@id":"https:\/\/www.notariadeblaslluna.es\/#website"},"primaryImageOfPage":{"@id":"https:\/\/www.notariadeblaslluna.es\/testamentos-herencias\/#primaryimage"},"image":{"@id":"https:\/\/www.notariadeblaslluna.es\/testamentos-herencias\/#primaryimage"},"thumbnailUrl":"https:\/\/www.notariadeblaslluna.es\/wp-content\/uploads\/2021\/05\/Notaria-De-Blas-Testamentos-y-Herencias.jpg","datePublished":"2016-07-14T06:12:36+00:00","dateModified":"2025-09-09T08:57:18+00:00","description":"T'ajudem a planificar el testament o tramitar una her\u00e8ncia amb seguretat, claredat i acompanyament professional en tot el proc\u00e9s.","breadcrumb":{"@id":"https:\/\/www.notariadeblaslluna.es\/testamentos-herencias\/#breadcrumb"},"inLanguage":"ca","potentialAction":[{"@type":"ReadAction","target":["https:\/\/www.notariadeblaslluna.es\/testamentos-herencias\/"]}]},{"@type":"ImageObject","inLanguage":"ca","@id":"https:\/\/www.notariadeblaslluna.es\/testamentos-herencias\/#primaryimage","url":"https:\/\/www.notariadeblaslluna.es\/wp-content\/uploads\/2021\/05\/Notaria-De-Blas-Testamentos-y-Herencias.jpg","contentUrl":"https:\/\/www.notariadeblaslluna.es\/wp-content\/uploads\/2021\/05\/Notaria-De-Blas-Testamentos-y-Herencias.jpg","width":1400,"height":320,"caption":"Notar\u00eda De Blas - Testamentos y Herencias"},{"@type":"BreadcrumbList","@id":"https:\/\/www.notariadeblaslluna.es\/testamentos-herencias\/#breadcrumb","itemListElement":[{"@type":"ListItem","position":1,"name":"Home","item":"https:\/\/www.notariadeblaslluna.es\/"},{"@type":"ListItem","position":2,"name":"Testamentos y herencias"}]},{"@type":"WebSite","@id":"https:\/\/www.notariadeblaslluna.es\/#website","url":"https:\/\/www.notariadeblaslluna.es\/","name":"Notaria de Blas & Lluna","description":"Notar\u00eda de Blas &amp; Lluna. Passeig de Gr\u00e0cia, 39 | Barcelona","publisher":{"@id":"https:\/\/www.notariadeblaslluna.es\/#organization"},"potentialAction":[{"@type":"SearchAction","target":{"@type":"EntryPoint","urlTemplate":"https:\/\/www.notariadeblaslluna.es\/?s={search_term_string}"},"query-input":{"@type":"PropertyValueSpecification","valueRequired":true,"valueName":"search_term_string"}}],"inLanguage":"ca"},{"@type":"Organization","@id":"https:\/\/www.notariadeblaslluna.es\/#organization","name":"Notaria De Blas &amp; Lluna","url":"https:\/\/www.notariadeblaslluna.es\/","logo":{"@type":"ImageObject","inLanguage":"ca","@id":"https:\/\/www.notariadeblaslluna.es\/#\/schema\/logo\/image\/","url":"https:\/\/www.notariadeblaslluna.es\/wp-content\/uploads\/2024\/03\/Notaria-De-Blas-Lluna-Logo.png","contentUrl":"https:\/\/www.notariadeblaslluna.es\/wp-content\/uploads\/2024\/03\/Notaria-De-Blas-Lluna-Logo.png","width":300,"height":70,"caption":"Notar\u00eda De Blas & Lluna"},"image":{"@id":"https:\/\/www.notariadeblaslluna.es\/#\/schema\/logo\/image\/"},"sameAs":["https:\/\/www.facebook.com\/notariadeblas\/","https:\/\/www.linkedin.com\/company\/79662096\/admin\/"]}]}},"_links":{"self":[{"href":"https:\/\/www.notariadeblaslluna.es\/ca\/wp-json\/wp\/v2\/pages\/2868","targetHints":{"allow":["GET"]}}],"collection":[{"href":"https:\/\/www.notariadeblaslluna.es\/ca\/wp-json\/wp\/v2\/pages"}],"about":[{"href":"https:\/\/www.notariadeblaslluna.es\/ca\/wp-json\/wp\/v2\/types\/page"}],"author":[{"embeddable":true,"href":"https:\/\/www.notariadeblaslluna.es\/ca\/wp-json\/wp\/v2\/users\/1"}],"replies":[{"embeddable":true,"href":"https:\/\/www.notariadeblaslluna.es\/ca\/wp-json\/wp\/v2\/comments?post=2868"}],"version-history":[{"count":0,"href":"https:\/\/www.notariadeblaslluna.es\/ca\/wp-json\/wp\/v2\/pages\/2868\/revisions"}],"wp:featuredmedia":[{"embeddable":true,"href":"https:\/\/www.notariadeblaslluna.es\/ca\/wp-json\/wp\/v2\/media\/4219"}],"wp:attachment":[{"href":"https:\/\/www.notariadeblaslluna.es\/ca\/wp-json\/wp\/v2\/media?parent=2868"}],"curies":[{"name":"wp","href":"https:\/\/api.w.org\/{rel}","templated":true}]}}