{"id":2858,"date":"2016-07-13T16:28:00","date_gmt":"2016-07-13T14:28:00","guid":{"rendered":"http:\/\/notariadeblas.com\/?page_id=2858"},"modified":"2025-09-09T11:17:07","modified_gmt":"2025-09-09T09:17:07","slug":"viviendas-e-hipotecas","status":"publish","type":"page","link":"https:\/\/www.notariadeblaslluna.es\/ca\/viviendas-e-hipotecas\/","title":{"rendered":"Habitatges i Hipoteques"},"content":{"rendered":"<p style=\"text-align: justify;\" class=\"translation-block\">La <strong>compravenda<\/strong> \u00e9s un contracte que t\u00e9 com a objecte l'intercanvi en la propietat dels b\u00e9ns, on una de les parts lliura un b\u00e9 o dret i l'altra part li retribueix econ\u00f2micament. Aquests contractes poden ser de diversos tipus (uns bilaterals, altres consensuals) per\u00f2 en ells sempre s'estipulen unes obligacions tant per al venedor com per al comprador.<\/p>\n<ul style=\"text-align: justify;\">\n<li>El venedor est\u00e0 en obligaci\u00f3 de garantir al comprador la transmissi\u00f3 de la propietat i de conservar en perfecte estat el b\u00e9 negociat fins al seu lliurament, entre d\u2019altres.<\/li>\n<li>El comprador ha de pagar el preu pactat a la compravenda, aix\u00ed com rebre correctament el b\u00e9 adquirit.<\/li>\n<\/ul>\n<p style=\"text-align: justify;\" class=\"translation-block\">A <strong>Notaria de Blas<\/strong> trobar\u00e0 assessorament sobre aquest tipus d'intercanvis, aix\u00ed com de qualsevol tema relacionat amb instruments p\u00fablics o escriptures p\u00fabliques. Disposa d'un equip encarregat d'autenticar i legalitzar tots els processos de compravenda, que l'assessorar\u00e0 en tot moment perqu\u00e8 s\u00e0piga perfectament el que ha signat.<\/p>\n<p style=\"text-align: justify;\" class=\"translation-block\">En realitzar <strong>pr\u00e9stecs hipotecaris<\/strong> es lliura al beneficiari una quantitat important de diners. En conseq\u00fc\u00e8ncia, s'exigeix com a garantia de pagament un b\u00e9 immoble perqu\u00e8, en cas de no complir amb el que s'estableix, l'entitat financera passaria a ser la propiet\u00e0ria de l'immoble.<\/p>\n<p style=\"text-align: justify;\" class=\"translation-block\">Les hipoteques s'han de fer sota la supervisi\u00f3 d'un notari, donada la import\u00e0ncia de les obligacions que es van a contraure. A <strong>Notaria de Blas<\/strong> trobar\u00e0 un equip de professionals que l'ajudar\u00e0 a preparar els documents especialitzats necessaris per demanar un pr\u00e9stec hipotecari i que el mantindr\u00e0 informat de cada pas del proc\u00e9s.<\/p>\n<p style=\"text-align: justify;\" class=\"translation-block\">Les subrogacions i renovacions s\u00f3n les opcions ideals per a millorar les condicions de pagament dels cr\u00e8dits hipotecaris. A causa de les alces i baixes dels tipus d'interessos en l'economia actual, pot ser que es trobi que el seu contracte de <strong>pr\u00e9stec hipotecari<\/strong> cont\u00e9 un inter\u00e8s m\u00e9s alt que el d'altres entitats banc\u00e0ries.<\/p>\n<p style=\"text-align: justify;\" class=\"translation-block\">Una subrogaci\u00f3 permet canviar la hipoteca a una altra entitat financera, aconseguint aix\u00ed disminuir el tipus d'inter\u00e8s i reduir les <strong>despeses d'hipoteca<\/strong>.<\/p>\n<p style=\"text-align: justify;\">Una novaci\u00f3 hipotec\u00e0ria suposa una renovaci\u00f3 dels termes definits per la hipoteca amb el mateix banc on es va adquirir, el que no suposa un canvi de entitat financera.<\/p>\n<p style=\"text-align: justify;\" class=\"translation-block\">A <strong>Notaria de Blas<\/strong> l'informarem i resoldrem els dubtes sobre cadascun dels processos legals de la hipoteca. Estudiarem el seu cas i li aconsellarem sobre els avantatges i desavantatges de les diferents contractacions.<\/p>\n<p style=\"text-align: justify;\" class=\"translation-block\">Si necessita m\u00e9s informaci\u00f3 sobre habitatges i hipoteques, pot <a href=\"https:\/\/www.notariadeblaslluna.es\/ca\/contacto\/\"><strong>contactar amb la notaria<\/strong><\/a>.<\/p>","protected":false},"excerpt":{"rendered":"<p>La compraventa es un contrato que tiene como objeto el intercambio en la propiedad de los bienes, donde una de las partes entrega un bien o derecho y la otra parte le retribuye econ\u00f3micamente. Estos contratos pueden ser de varios tipos (unos bilaterales, otros consensuales) pero en ellos siempre se estipulan unas obligaciones tanto para<br \/><a class=\"moretag\" href=\"https:\/\/www.notariadeblaslluna.es\/ca\/viviendas-e-hipotecas\/\">+ Read More<\/a><\/p>","protected":false},"author":1,"featured_media":4212,"parent":0,"menu_order":0,"comment_status":"closed","ping_status":"closed","template":"templates\/page-fullwidth_template.php","meta":{"footnotes":""},"class_list":["post-2858","page","type-page","status-publish","has-post-thumbnail","hentry"],"yoast_head":"<!-- This site is optimized with the Yoast SEO Premium plugin v27.2 (Yoast SEO v27.4) - https:\/\/yoast.com\/product\/yoast-seo-premium-wordpress\/ -->\n<title>Viviendas e hipotecas - Notar\u00eda de Blas &amp; Lluna<\/title>\n<meta name=\"description\" content=\"Asesoramiento experto en compraventa de inmuebles, firma de hipotecas y tr\u00e1mites notariales. Seguridad y acompa\u00f1amiento en todo el proceso.\" \/>\n<meta name=\"robots\" content=\"index, follow, max-snippet:-1, max-image-preview:large, max-video-preview:-1\" \/>\n<link rel=\"canonical\" href=\"https:\/\/www.notariadeblaslluna.es\/ca\/viviendas-e-hipotecas\/\" \/>\n<meta property=\"og:locale\" content=\"ca_ES\" \/>\n<meta property=\"og:type\" content=\"article\" \/>\n<meta property=\"og:title\" content=\"Viviendas e hipotecas\" \/>\n<meta property=\"og:description\" content=\"Asesoramiento experto en compraventa de inmuebles, firma de hipotecas y tr\u00e1mites notariales. Seguridad y acompa\u00f1amiento en todo el proceso.\" \/>\n<meta property=\"og:url\" content=\"https:\/\/www.notariadeblaslluna.es\/ca\/viviendas-e-hipotecas\/\" \/>\n<meta property=\"og:site_name\" content=\"Notar\u00eda de Blas &amp; Lluna\" \/>\n<meta property=\"article:publisher\" content=\"https:\/\/www.facebook.com\/notariadeblas\/\" \/>\n<meta property=\"article:modified_time\" content=\"2025-09-09T09:17:07+00:00\" \/>\n<meta property=\"og:image\" content=\"https:\/\/www.notariadeblaslluna.es\/wp-content\/uploads\/2021\/05\/Notaria-De-Blas-Viviendas-e-Hipotecas.jpg\" \/>\n\t<meta property=\"og:image:width\" content=\"1400\" \/>\n\t<meta property=\"og:image:height\" content=\"320\" \/>\n\t<meta property=\"og:image:type\" content=\"image\/jpeg\" \/>\n<meta name=\"twitter:card\" content=\"summary_large_image\" \/>\n<meta name=\"twitter:label1\" content=\"Temps estimat de lectura\" \/>\n\t<meta name=\"twitter:data1\" content=\"6 minuts\" \/>\n<script type=\"application\/ld+json\" class=\"yoast-schema-graph\">{\"@context\":\"https:\\\/\\\/schema.org\",\"@graph\":[{\"@type\":\"WebPage\",\"@id\":\"https:\\\/\\\/www.notariadeblaslluna.es\\\/viviendas-e-hipotecas\\\/\",\"url\":\"https:\\\/\\\/www.notariadeblaslluna.es\\\/viviendas-e-hipotecas\\\/\",\"name\":\"Viviendas e hipotecas - Notar\u00eda de Blas &amp; Lluna\",\"isPartOf\":{\"@id\":\"https:\\\/\\\/www.notariadeblaslluna.es\\\/#website\"},\"primaryImageOfPage\":{\"@id\":\"https:\\\/\\\/www.notariadeblaslluna.es\\\/viviendas-e-hipotecas\\\/#primaryimage\"},\"image\":{\"@id\":\"https:\\\/\\\/www.notariadeblaslluna.es\\\/viviendas-e-hipotecas\\\/#primaryimage\"},\"thumbnailUrl\":\"https:\\\/\\\/www.notariadeblaslluna.es\\\/wp-content\\\/uploads\\\/2021\\\/05\\\/Notaria-De-Blas-Viviendas-e-Hipotecas.jpg\",\"datePublished\":\"2016-07-13T14:28:00+00:00\",\"dateModified\":\"2025-09-09T09:17:07+00:00\",\"description\":\"Asesoramiento experto en compraventa de inmuebles, firma de hipotecas y tr\u00e1mites notariales. Seguridad y acompa\u00f1amiento en todo el proceso.\",\"breadcrumb\":{\"@id\":\"https:\\\/\\\/www.notariadeblaslluna.es\\\/viviendas-e-hipotecas\\\/#breadcrumb\"},\"inLanguage\":\"ca\",\"potentialAction\":[{\"@type\":\"ReadAction\",\"target\":[\"https:\\\/\\\/www.notariadeblaslluna.es\\\/viviendas-e-hipotecas\\\/\"]}]},{\"@type\":\"ImageObject\",\"inLanguage\":\"ca\",\"@id\":\"https:\\\/\\\/www.notariadeblaslluna.es\\\/viviendas-e-hipotecas\\\/#primaryimage\",\"url\":\"https:\\\/\\\/www.notariadeblaslluna.es\\\/wp-content\\\/uploads\\\/2021\\\/05\\\/Notaria-De-Blas-Viviendas-e-Hipotecas.jpg\",\"contentUrl\":\"https:\\\/\\\/www.notariadeblaslluna.es\\\/wp-content\\\/uploads\\\/2021\\\/05\\\/Notaria-De-Blas-Viviendas-e-Hipotecas.jpg\",\"width\":1400,\"height\":320,\"caption\":\"Notar\u00eda De Blas - Viviendas e Hipotecas\"},{\"@type\":\"BreadcrumbList\",\"@id\":\"https:\\\/\\\/www.notariadeblaslluna.es\\\/viviendas-e-hipotecas\\\/#breadcrumb\",\"itemListElement\":[{\"@type\":\"ListItem\",\"position\":1,\"name\":\"Home\",\"item\":\"https:\\\/\\\/www.notariadeblaslluna.es\\\/\"},{\"@type\":\"ListItem\",\"position\":2,\"name\":\"Viviendas e hipotecas\"}]},{\"@type\":\"WebSite\",\"@id\":\"https:\\\/\\\/www.notariadeblaslluna.es\\\/#website\",\"url\":\"https:\\\/\\\/www.notariadeblaslluna.es\\\/\",\"name\":\"Notaria de Blas & Lluna\",\"description\":\"Notar\u00eda de Blas &amp; Lluna. Passeig de Gr\u00e0cia, 39 | Barcelona\",\"publisher\":{\"@id\":\"https:\\\/\\\/www.notariadeblaslluna.es\\\/#organization\"},\"potentialAction\":[{\"@type\":\"SearchAction\",\"target\":{\"@type\":\"EntryPoint\",\"urlTemplate\":\"https:\\\/\\\/www.notariadeblaslluna.es\\\/?s={search_term_string}\"},\"query-input\":{\"@type\":\"PropertyValueSpecification\",\"valueRequired\":true,\"valueName\":\"search_term_string\"}}],\"inLanguage\":\"ca\"},{\"@type\":\"Organization\",\"@id\":\"https:\\\/\\\/www.notariadeblaslluna.es\\\/#organization\",\"name\":\"Notar\u00eda De Blas & Lluna\",\"url\":\"https:\\\/\\\/www.notariadeblaslluna.es\\\/\",\"logo\":{\"@type\":\"ImageObject\",\"inLanguage\":\"ca\",\"@id\":\"https:\\\/\\\/www.notariadeblaslluna.es\\\/#\\\/schema\\\/logo\\\/image\\\/\",\"url\":\"https:\\\/\\\/www.notariadeblaslluna.es\\\/wp-content\\\/uploads\\\/2024\\\/03\\\/Notaria-De-Blas-Lluna-Logo.png\",\"contentUrl\":\"https:\\\/\\\/www.notariadeblaslluna.es\\\/wp-content\\\/uploads\\\/2024\\\/03\\\/Notaria-De-Blas-Lluna-Logo.png\",\"width\":300,\"height\":70,\"caption\":\"Notar\u00eda De Blas & Lluna\"},\"image\":{\"@id\":\"https:\\\/\\\/www.notariadeblaslluna.es\\\/#\\\/schema\\\/logo\\\/image\\\/\"},\"sameAs\":[\"https:\\\/\\\/www.facebook.com\\\/notariadeblas\\\/\",\"https:\\\/\\\/www.linkedin.com\\\/company\\\/79662096\\\/admin\\\/\"]}]}<\/script>\n<!-- \/ Yoast SEO Premium plugin. -->","yoast_head_json":{"title":"Viviendas e hipotecas - Notar\u00eda de Blas &amp; Lluna","description":"Assessorament expert en compravenda d'immobles, signatura d'hipoteques i tr\u00e0mits notarials. Seguretat i acompanyament en tot el proc\u00e9s.","robots":{"index":"index","follow":"follow","max-snippet":"max-snippet:-1","max-image-preview":"max-image-preview:large","max-video-preview":"max-video-preview:-1"},"canonical":"https:\/\/www.notariadeblaslluna.es\/ca\/viviendas-e-hipotecas\/","og_locale":"ca_ES","og_type":"article","og_title":"Viviendas e hipotecas","og_description":"Asesoramiento experto en compraventa de inmuebles, firma de hipotecas y tr\u00e1mites notariales. Seguridad y acompa\u00f1amiento en todo el proceso.","og_url":"https:\/\/www.notariadeblaslluna.es\/ca\/viviendas-e-hipotecas\/","og_site_name":"Notar\u00eda de Blas &amp; Lluna","article_publisher":"https:\/\/www.facebook.com\/notariadeblas\/","article_modified_time":"2025-09-09T09:17:07+00:00","og_image":[{"width":1400,"height":320,"url":"https:\/\/www.notariadeblaslluna.es\/wp-content\/uploads\/2021\/05\/Notaria-De-Blas-Viviendas-e-Hipotecas.jpg","type":"image\/jpeg"}],"twitter_card":"summary_large_image","twitter_misc":{"Temps estimat de lectura":"6 minuts"},"schema":{"@context":"https:\/\/schema.org","@graph":[{"@type":"WebPage","@id":"https:\/\/www.notariadeblaslluna.es\/viviendas-e-hipotecas\/","url":"https:\/\/www.notariadeblaslluna.es\/viviendas-e-hipotecas\/","name":"Viviendas e hipotecas - Notar\u00eda de Blas &amp; Lluna","isPartOf":{"@id":"https:\/\/www.notariadeblaslluna.es\/#website"},"primaryImageOfPage":{"@id":"https:\/\/www.notariadeblaslluna.es\/viviendas-e-hipotecas\/#primaryimage"},"image":{"@id":"https:\/\/www.notariadeblaslluna.es\/viviendas-e-hipotecas\/#primaryimage"},"thumbnailUrl":"https:\/\/www.notariadeblaslluna.es\/wp-content\/uploads\/2021\/05\/Notaria-De-Blas-Viviendas-e-Hipotecas.jpg","datePublished":"2016-07-13T14:28:00+00:00","dateModified":"2025-09-09T09:17:07+00:00","description":"Assessorament expert en compravenda d'immobles, signatura d'hipoteques i tr\u00e0mits notarials. Seguretat i acompanyament en tot el proc\u00e9s.","breadcrumb":{"@id":"https:\/\/www.notariadeblaslluna.es\/viviendas-e-hipotecas\/#breadcrumb"},"inLanguage":"ca","potentialAction":[{"@type":"ReadAction","target":["https:\/\/www.notariadeblaslluna.es\/viviendas-e-hipotecas\/"]}]},{"@type":"ImageObject","inLanguage":"ca","@id":"https:\/\/www.notariadeblaslluna.es\/viviendas-e-hipotecas\/#primaryimage","url":"https:\/\/www.notariadeblaslluna.es\/wp-content\/uploads\/2021\/05\/Notaria-De-Blas-Viviendas-e-Hipotecas.jpg","contentUrl":"https:\/\/www.notariadeblaslluna.es\/wp-content\/uploads\/2021\/05\/Notaria-De-Blas-Viviendas-e-Hipotecas.jpg","width":1400,"height":320,"caption":"Notar\u00eda De Blas - Viviendas e Hipotecas"},{"@type":"BreadcrumbList","@id":"https:\/\/www.notariadeblaslluna.es\/viviendas-e-hipotecas\/#breadcrumb","itemListElement":[{"@type":"ListItem","position":1,"name":"Home","item":"https:\/\/www.notariadeblaslluna.es\/"},{"@type":"ListItem","position":2,"name":"Viviendas e hipotecas"}]},{"@type":"WebSite","@id":"https:\/\/www.notariadeblaslluna.es\/#website","url":"https:\/\/www.notariadeblaslluna.es\/","name":"Notaria de Blas & Lluna","description":"Notar\u00eda de Blas &amp; Lluna. Passeig de Gr\u00e0cia, 39 | Barcelona","publisher":{"@id":"https:\/\/www.notariadeblaslluna.es\/#organization"},"potentialAction":[{"@type":"SearchAction","target":{"@type":"EntryPoint","urlTemplate":"https:\/\/www.notariadeblaslluna.es\/?s={search_term_string}"},"query-input":{"@type":"PropertyValueSpecification","valueRequired":true,"valueName":"search_term_string"}}],"inLanguage":"ca"},{"@type":"Organization","@id":"https:\/\/www.notariadeblaslluna.es\/#organization","name":"Notaria De Blas &amp; Lluna","url":"https:\/\/www.notariadeblaslluna.es\/","logo":{"@type":"ImageObject","inLanguage":"ca","@id":"https:\/\/www.notariadeblaslluna.es\/#\/schema\/logo\/image\/","url":"https:\/\/www.notariadeblaslluna.es\/wp-content\/uploads\/2024\/03\/Notaria-De-Blas-Lluna-Logo.png","contentUrl":"https:\/\/www.notariadeblaslluna.es\/wp-content\/uploads\/2024\/03\/Notaria-De-Blas-Lluna-Logo.png","width":300,"height":70,"caption":"Notar\u00eda De Blas & Lluna"},"image":{"@id":"https:\/\/www.notariadeblaslluna.es\/#\/schema\/logo\/image\/"},"sameAs":["https:\/\/www.facebook.com\/notariadeblas\/","https:\/\/www.linkedin.com\/company\/79662096\/admin\/"]}]}},"_links":{"self":[{"href":"https:\/\/www.notariadeblaslluna.es\/ca\/wp-json\/wp\/v2\/pages\/2858","targetHints":{"allow":["GET"]}}],"collection":[{"href":"https:\/\/www.notariadeblaslluna.es\/ca\/wp-json\/wp\/v2\/pages"}],"about":[{"href":"https:\/\/www.notariadeblaslluna.es\/ca\/wp-json\/wp\/v2\/types\/page"}],"author":[{"embeddable":true,"href":"https:\/\/www.notariadeblaslluna.es\/ca\/wp-json\/wp\/v2\/users\/1"}],"replies":[{"embeddable":true,"href":"https:\/\/www.notariadeblaslluna.es\/ca\/wp-json\/wp\/v2\/comments?post=2858"}],"version-history":[{"count":0,"href":"https:\/\/www.notariadeblaslluna.es\/ca\/wp-json\/wp\/v2\/pages\/2858\/revisions"}],"wp:featuredmedia":[{"embeddable":true,"href":"https:\/\/www.notariadeblaslluna.es\/ca\/wp-json\/wp\/v2\/media\/4212"}],"wp:attachment":[{"href":"https:\/\/www.notariadeblaslluna.es\/ca\/wp-json\/wp\/v2\/media?parent=2858"}],"curies":[{"name":"wp","href":"https:\/\/api.w.org\/{rel}","templated":true}]}}